{"id":585,"date":"2024-04-26T13:23:36","date_gmt":"2024-04-26T11:23:36","guid":{"rendered":"https:\/\/biovarsella.eu\/visites-guiades-a-la-nostra-finca\/"},"modified":"2024-05-06T18:20:58","modified_gmt":"2024-05-06T16:20:58","slug":"visites-guiades-a-la-nostra-finca","status":"publish","type":"page","link":"https:\/\/biovarsella.eu\/ca\/visites-guiades-a-la-nostra-finca\/","title":{"rendered":"Visites guiades a la nostra finca"},"content":{"rendered":"<div class=\"wpb-content-wrapper\"><p>[vc_row css_animation=&#8221;&#8221; row_type=&#8221;row&#8221; use_row_as_full_screen_section=&#8221;no&#8221; type=&#8221;full_width&#8221; angled_section=&#8221;no&#8221; text_align=&#8221;left&#8221; background_image_as_pattern=&#8221;without_pattern&#8221;][vc_column][vc_single_image image=&#8221;502&#8243; img_size=&#8221;full&#8221; css=&#8221;&#8221; qode_css_animation=&#8221;&#8221;][\/vc_column][\/vc_row][vc_row css_animation=&#8221;&#8221; row_type=&#8221;row&#8221; use_row_as_full_screen_section=&#8221;no&#8221; type=&#8221;grid&#8221; angled_section=&#8221;no&#8221; text_align=&#8221;center&#8221; background_image_as_pattern=&#8221;without_pattern&#8221; z_index=&#8221;&#8221;][vc_column offset=&#8221;vc_col-lg-offset-2 vc_col-lg-8&#8243; css=&#8221;.vc_custom_1714659380868{margin-top: -134px !important;}&#8221; el_class=&#8221;producto__title&#8221;][qode_elements_holder number_of_columns=&#8221;one_column&#8221;][qode_elements_holder_item advanced_animations=&#8221;no&#8221; background_color=&#8221;#ffffff&#8221; item_padding=&#8221;40px 20px 40px 20px&#8221;][vc_column_text css=&#8221;&#8221;]<\/p>\n<h1>Visites guiades<\/h1>\n<p>[\/vc_column_text][vc_column_text css=&#8221;&#8221; el_class=&#8221;w-640-center&#8221;]<\/p>\n<p class=\"size-18 text-center\"><em>Et convidem a visitar el nostre hort a B\u00edtem, on podr\u00e0s con\u00e8ixer de prop el proc\u00e9s de cultiu de les nostres fruites ecol\u00f2giques.<\/em><\/p>\n<p>[\/vc_column_text][\/qode_elements_holder_item][\/qode_elements_holder][\/vc_column][\/vc_row][vc_row css_animation=&#8221;&#8221; row_type=&#8221;row&#8221; use_row_as_full_screen_section=&#8221;no&#8221; type=&#8221;full_width&#8221; angled_section=&#8221;no&#8221; text_align=&#8221;left&#8221; background_image_as_pattern=&#8221;without_pattern&#8221; z_index=&#8221;&#8221;][vc_column][vc_row_inner row_type=&#8221;row&#8221; type=&#8221;grid&#8221; text_align=&#8221;left&#8221; css_animation=&#8221;&#8221; el_class=&#8221;visitas__gallery&#8221;][vc_column_inner offset=&#8221;vc_col-lg-6 vc_col-md-6&#8243;][qode_elements_holder number_of_columns=&#8221;one_column&#8221;][qode_elements_holder_item advanced_animations=&#8221;no&#8221;][vc_column_text css=&#8221;&#8221;]<\/p>\n<h2 class=\"h1\">Visites guiades a la nostra finca<\/h2>\n<p>[\/vc_column_text][vc_empty_space height=&#8221;22px&#8221;][vc_column_text css=&#8221;&#8221; el_class=&#8221;w-560-left&#8221;]Vols submergir-te en el fascinant m\u00f3n de l&#8217;agricultura ecol\u00f2gica? A Bio Varsella t\u2019oferim una experi\u00e8ncia \u00fanica per a grups i particulars: visites guiades a la nostra finca.<\/p>\n<p>Et convidem a visitar el nostre hort a B\u00edtem, on podr\u00e0s con\u00e8ixer de prop el nostre proc\u00e9s de cultiu de fruita ecol\u00f2gica. Podr\u00e0s passejar pels nostres camps de c\u00edtrics, sentir la frescor dels nostres tarongers i mandariners i degustar la nostra deliciosa fruita directament de l&#8217;arbre. Una experi\u00e8ncia sensorial que no oblidar\u00e0s!<\/p>\n<p>A m\u00e9s, tindr\u00e0s l&#8217;oportunitat d&#8217;adquirir la nostra fruita ecol\u00f2gica fresca i de la m\u00e9s alta qualitat, cultivada amb amor i respecte pel medi ambient.<\/p>\n<p>Vine a viure una experi\u00e8ncia aut\u00e8ntica en plena reserva de la biosfera de les Terres de l\u2019Ebre![\/vc_column_text][\/qode_elements_holder_item][\/qode_elements_holder][\/vc_column_inner][vc_column_inner offset=&#8221;vc_col-lg-6 vc_col-md-6&#8243;][vc_single_image image=&#8221;520&#8243; img_size=&#8221;full&#8221; alignment=&#8221;center&#8221; css=&#8221;&#8221; qode_css_animation=&#8221;&#8221;][\/vc_column_inner][\/vc_row_inner][vc_single_image image=&#8221;402&#8243; img_size=&#8221;full&#8221; css=&#8221;&#8221; qode_css_animation=&#8221;&#8221;][\/vc_column][\/vc_row][vc_row css_animation=&#8221;&#8221; row_type=&#8221;row&#8221; use_row_as_full_screen_section=&#8221;no&#8221; type=&#8221;grid&#8221; angled_section=&#8221;no&#8221; text_align=&#8221;left&#8221; background_image_as_pattern=&#8221;without_pattern&#8221; z_index=&#8221;&#8221; el_class=&#8221;visitas__contacto&#8221;][vc_column width=&#8221;1\/2&#8243; el_class=&#8221;visitas__col-form&#8221;][vc_column_text css=&#8221;&#8221;]<\/p>\n<h2 class=\"h1\">Omple aquest formulari<\/h2>\n<p>[\/vc_column_text][vc_empty_space height=&#8221;18px&#8221;][vc_column_text css=&#8221;&#8221;]<\/p>\n<p class=\"size-18\"><em>T&#8217;obrim les portes del nostre hort a B\u00edtem perqu\u00e8 puguis passejar pels nostres camps de c\u00edtrics i tastar la nostra fruita ecol\u00f2gica.<\/em><\/p>\n<p>[\/vc_column_text][vc_empty_space]\n<div class=\"wpcf7 no-js\" id=\"wpcf7-f579-o1\" lang=\"en-US\" dir=\"ltr\" data-wpcf7-id=\"579\">\n<div class=\"screen-reader-response\"><p role=\"status\" aria-live=\"polite\" aria-atomic=\"true\"><\/p> <ul><\/ul><\/div>\n<form action=\"\/ca\/wp-json\/wp\/v2\/pages\/585#wpcf7-f579-o1\" method=\"post\" class=\"wpcf7-form init cf7_custom_style_2 wpcf7-acceptance-as-validation\" aria-label=\"Contact form\" novalidate=\"novalidate\" data-status=\"init\">\n<fieldset class=\"hidden-fields-container\"><input type=\"hidden\" name=\"_wpcf7\" value=\"579\" \/><input type=\"hidden\" name=\"_wpcf7_version\" value=\"6.1.5\" \/><input type=\"hidden\" name=\"_wpcf7_locale\" value=\"en_US\" \/><input type=\"hidden\" name=\"_wpcf7_unit_tag\" value=\"wpcf7-f579-o1\" \/><input type=\"hidden\" name=\"_wpcf7_container_post\" value=\"0\" \/><input type=\"hidden\" name=\"_wpcf7_posted_data_hash\" value=\"\" \/><input type=\"hidden\" name=\"_wpcf7_recaptcha_response\" value=\"\" \/>\n<\/fieldset>\n<div><input type=\"text\" name=\"nombre\" value=\"\" size=\"40\" class=\"wpcf7-form-control wpcf7-text wpcf7-validates-as-required\" aria-required=\"true\" aria-invalid=\"false\" aria-label=\"nombre\" placeholder=\"Nom i cognoms\"><\/div>\n<div><input type=\"tel\" name=\"telefono\" value=\"\" size=\"40\" class=\"wpcf7-form-control wpcf7-tel wpcf7-validates-as-required wpcf7-text wpcf7-validates-as-tel\" aria-required=\"true\" aria-invalid=\"false\" aria-label=\"telefono\" placeholder=\"Tel\u00e8fon\"><\/div>\n<div><input type=\"email\" name=\"email\" value=\"\" size=\"40\" class=\"wpcf7-form-control wpcf7-text wpcf7-email wpcf7-validates-as-required wpcf7-validates-as-email\" aria-required=\"true\" aria-invalid=\"false\" aria-label=\"correo electronico\" placeholder=\"Correu electr\u00f2nic\"><\/div>\n<div><textarea name=\"mensaje\" cols=\"40\" rows=\"10\" class=\"wpcf7-form-control wpcf7-textarea wpcf7-validates-as-required\" aria-required=\"true\" aria-invalid=\"false\" aria-label=\"mensaje\" placeholder=\"Missatge\"><\/textarea><\/div>\n<div class=\"accordion\">\n   <button type=\"button\" class=\"accordion-header\" aria-expanded=\"false\" aria-controls=\"panel1\">Llegeix el consentiment per al tractament de dades personals<span class=\"dashicons dashicons-plus\"><\/span><\/button>\n   <div class=\"accordion-content\" id=\"panel1\" aria-hidden=\"true\" style=\"display: none;\">\n    <p>BIO VARSELLA SLU es el responsable del tratamiento de los datos personales del usuario y le informa que estos datos ser\u00e1n tratados de conformidad con lo dispuesto en el Reglamento (UE) 2016\/679 de 27 de abril de 2016 (GDPR), de forma que se le facilita la informaci\u00f3n del siguiente tratamiento:<\/p>\n    <p>Finalidad del tratamiento: mantener una relaci\u00f3n comercial y el env\u00edo de comunicaciones sobre nuestros productos y servicios.<\/p>\n    <p>Criterios de conservaci\u00f3n de los datos: se conservar\u00e1n mientras exista un inter\u00e9s mutuo por mantener la finalidad del tratamiento y, cuando ya no sea necesario para tal fin, los datos se suprimir\u00e1n con las medidas de seguridad adecuadas para garantizar su pseudonimizaci\u00f3n o la destrucci\u00f3n total.<\/p>\n    <p>Comunicaci\u00f3n de los datos: no se comunicar\u00e1n los datos a terceros, salvo obligaci\u00f3n legal.<\/p>\n    <p>Derechos que asisten al usuario:<\/p>\n    <ul>\n     <li>Derecho a retirar el consentimiento en cualquier momento.<\/li>\n     <li>Derecho de acceso, rectificaci\u00f3n, portabilidad y supresi\u00f3n de sus datos y la limitaci\u00f3n u oposici\u00f3n a su tratamiento.<\/li>\n     <li>Derecho a presentar una reclamaci\u00f3n ante la autoridad de control (agpd.es), si considera que el tratamiento no se ajusta a la normativa vigente.<\/li>\n    <\/ul>\n    <p>Datos de contacto para ejercer sus derechos:<br> \n    Direcci\u00f3n postal: C\/ Horta Baixa, n\u00ba 20 - 43510 \u2013 B\u00edtem \u2013 Tortosa (Tarragona).<br>\n    Correo electr\u00f3nico: administracio@biovarsella.eu<\/p>\n   <\/div>\n<\/div>\n<div class=\"formulari__acceptance\">\n<span class=\"wpcf7-form-control-wrap\" data-name=\"consentimiento\"><span class=\"wpcf7-form-control wpcf7-acceptance\"><span class=\"wpcf7-list-item\"><label><input type=\"checkbox\" name=\"consentimiento\" value=\"1\" aria-invalid=\"false\" \/><span class=\"wpcf7-list-item-label\">He llegit i accepto la <a href=\"https:\/\/biovarsella.eu\/ca\/politica-de-privadesa\/\" target=\"_blank\">pol\u00edtica de privacitat<\/a><\/span><\/label><\/span><\/span><\/span>\n<\/div>\n<div class=\"formulari__button\"><input class=\"wpcf7-form-control wpcf7-submit has-spinner\" type=\"submit\" value=\"ENVIA\" \/><\/div><div class=\"wpcf7-response-output\" aria-hidden=\"true\"><\/div>\n<\/form>\n<\/div>\n[\/vc_column][vc_column width=&#8221;1\/2&#8243; el_class=&#8221;visitas__col-info&#8221;][vc_column_text css=&#8221;&#8221;]<\/p>\n<h3>Bio Varsella SLU<\/h3>\n<p>[\/vc_column_text][vc_empty_space height=&#8221;10px&#8221;][vc_raw_html css=&#8221;&#8221;]JTNDaDQlM0VBZHJlJUMzJUE3YSUzQSUzQyUyRmg0JTNFJTBBJTNDcCUzRUMlMkYlMjBIb3J0YSUyMEJhaXhhJTJDJTIwbi4lMjAyMCUzQ2JyJTNFJTBBNDM1MTAlMjAtJTIwQiVDMyVBRHRlbSUyMCVFMiU4MCU5MyUyMFRvcnRvc2ElMjAlMjhUYXJyYWdvbmElMjklM0MlMkZwJTNF[\/vc_raw_html][vc_empty_space height=&#8221;10px&#8221;][vc_raw_html css=&#8221;&#8221;]PGRpdiBjbGFzcz0idmlzaXRhc19fY29sLWluZm8tY29scyI+DQo8ZGl2IGNsYXNzPSJ2aXNpdGFzX19jb2wtaW5mby1jb2xzLWl0ZW0iPg0KPGg0PlRlbMOoZm9uczo8L2g0Pg0KPHA+NjcwIDIzIDg5IDA2IChnZXLDqG5jaWEpPGJyPg0KNjIzIDA0IDQ5IDcyIChvZmljaW5lcyk8L3A+DQo8L2Rpdj4NCjxkaXYgY2xhc3M9InZpc2l0YXNfX2NvbC1pbmZvLWNvbHMtaXRlbSI+DQo8aDQ+Q29ycmV1IGVsZWN0csOybmljOjwvaDQ+DQo8cD5hZG1pbmlzdHJhY2lvQGJpb3ZhcnNlbGxhLmV1PC9wPg0KPC9kaXY+DQo8L2Rpdj4=[\/vc_raw_html][\/vc_column][\/vc_row][vc_row css_animation=&#8221;&#8221; row_type=&#8221;row&#8221; use_row_as_full_screen_section=&#8221;no&#8221; type=&#8221;grid&#8221; angled_section=&#8221;no&#8221; text_align=&#8221;left&#8221; background_image_as_pattern=&#8221;without_pattern&#8221; el_class=&#8221;home__cta&#8221; css=&#8221;.vc_custom_1714658742571{background-image: url(https:\/\/biovarsella.eu\/wp-content\/uploads\/2024\/05\/cta.jpg?id=369) !important;background-position: center !important;background-repeat: no-repeat !important;background-size: cover !important;}&#8221; z_index=&#8221;&#8221;][vc_column][vc_raw_html css=&#8221;&#8221;]PHAgY2xhc3M9ImhvbWVfX2N0YS10ZXh0Ij5TaSB2b2xzIG3DqXMgaW5mb3JtYWNpw7Mgc29icmUgZWxzIG5vc3RyZXMgPHNwYW4+cHJvZHVjdGVzIGVjb2zDsmdpY3M8L3NwYW4+LCBjb250YWN0YSBhbWIgbm9zYWx0cmVzPC9wPg==[\/vc_raw_html]<a  itemprop=\"url\" href=\"https:\/\/biovarsella.eu\/ca\/contacte\/\" target=\"_self\"  class=\"qbutton  default\" style=\"\">CONEIX-NOS<\/a>[\/vc_column][\/vc_row]<\/p>\n<\/div>","protected":false},"excerpt":{"rendered":"<p>[vc_row css_animation=&#8221;&#8221; row_type=&#8221;row&#8221; use_row_as_full_screen_section=&#8221;no&#8221; type=&#8221;full_width&#8221; angled_section=&#8221;no&#8221; text_align=&#8221;left&#8221; background_image_as_pattern=&#8221;without_pattern&#8221;][vc_column][vc_single_image image=&#8221;502&#8243; img_size=&#8221;full&#8221; css=&#8221;&#8221; qode_css_animation=&#8221;&#8221;][\/vc_column][\/vc_row][vc_row css_animation=&#8221;&#8221; row_type=&#8221;row&#8221; use_row_as_full_screen_section=&#8221;no&#8221; type=&#8221;grid&#8221; angled_section=&#8221;no&#8221; text_align=&#8221;center&#8221; background_image_as_pattern=&#8221;without_pattern&#8221; z_index=&#8221;&#8221;][vc_column offset=&#8221;vc_col-lg-offset-2 vc_col-lg-8&#8243; css=&#8221;.vc_custom_1714659380868{margin-top: -134px !important;}&#8221; el_class=&#8221;producto__title&#8221;][qode_elements_holder number_of_columns=&#8221;one_column&#8221;][qode_elements_holder_item advanced_animations=&#8221;no&#8221; background_color=&#8221;#ffffff&#8221; item_padding=&#8221;40px 20px 40px 20px&#8221;][vc_column_text css=&#8221;&#8221;] Visites guiades [\/vc_column_text][vc_column_text css=&#8221;&#8221; el_class=&#8221;w-640-center&#8221;] Et convidem a visitar el nostre&#8230;<\/p>\n","protected":false},"author":1,"featured_media":0,"parent":0,"menu_order":0,"comment_status":"closed","ping_status":"closed","template":"full_width.php","meta":{"footnotes":""},"class_list":["post-585","page","type-page","status-publish","hentry"],"yoast_head":"<!-- This site is optimized with the Yoast SEO plugin v27.3 - https:\/\/yoast.com\/product\/yoast-seo-wordpress\/ -->\n<title>Visites guiades a la finca de Bio Varsella<\/title>\n<meta name=\"description\" content=\"Vols submergir-te en el fascinant m\u00f3n de l\u2019agricultura ecol\u00f2gica? A Bio Varsella t\u2019oferim visites guiades a la nostra finca.\" \/>\n<meta name=\"robots\" content=\"index, follow, max-snippet:-1, max-image-preview:large, max-video-preview:-1\" \/>\n<link rel=\"canonical\" href=\"https:\/\/biovarsella.eu\/ca\/visites-guiades-a-la-nostra-finca\/\" \/>\n<meta property=\"og:locale\" content=\"ca_ES\" \/>\n<meta property=\"og:type\" content=\"article\" \/>\n<meta property=\"og:title\" content=\"Visites guiades a la finca de Bio Varsella\" \/>\n<meta property=\"og:description\" content=\"Vols submergir-te en el fascinant m\u00f3n de l\u2019agricultura ecol\u00f2gica? A Bio Varsella t\u2019oferim visites guiades a la nostra finca.\" \/>\n<meta property=\"og:url\" content=\"https:\/\/biovarsella.eu\/ca\/visites-guiades-a-la-nostra-finca\/\" \/>\n<meta property=\"og:site_name\" content=\"BioVarsella\" \/>\n<meta property=\"article:modified_time\" content=\"2024-05-06T16:20:58+00:00\" \/>\n<meta name=\"twitter:card\" content=\"summary_large_image\" \/>\n<meta name=\"twitter:label1\" content=\"Temps estimat de lectura\" \/>\n\t<meta name=\"twitter:data1\" content=\"2 minuts\" \/>\n<script type=\"application\/ld+json\" class=\"yoast-schema-graph\">{\"@context\":\"https:\\\/\\\/schema.org\",\"@graph\":[{\"@type\":\"WebPage\",\"@id\":\"https:\\\/\\\/biovarsella.eu\\\/ca\\\/visites-guiades-a-la-nostra-finca\\\/\",\"url\":\"https:\\\/\\\/biovarsella.eu\\\/ca\\\/visites-guiades-a-la-nostra-finca\\\/\",\"name\":\"Visites guiades a la finca de Bio Varsella\",\"isPartOf\":{\"@id\":\"https:\\\/\\\/biovarsella.eu\\\/ca\\\/#website\"},\"datePublished\":\"2024-04-26T11:23:36+00:00\",\"dateModified\":\"2024-05-06T16:20:58+00:00\",\"description\":\"Vols submergir-te en el fascinant m\u00f3n de l\u2019agricultura ecol\u00f2gica? A Bio Varsella t\u2019oferim visites guiades a la nostra finca.\",\"breadcrumb\":{\"@id\":\"https:\\\/\\\/biovarsella.eu\\\/ca\\\/visites-guiades-a-la-nostra-finca\\\/#breadcrumb\"},\"inLanguage\":\"ca\",\"potentialAction\":[{\"@type\":\"ReadAction\",\"target\":[\"https:\\\/\\\/biovarsella.eu\\\/ca\\\/visites-guiades-a-la-nostra-finca\\\/\"]}]},{\"@type\":\"BreadcrumbList\",\"@id\":\"https:\\\/\\\/biovarsella.eu\\\/ca\\\/visites-guiades-a-la-nostra-finca\\\/#breadcrumb\",\"itemListElement\":[{\"@type\":\"ListItem\",\"position\":1,\"name\":\"Portada\",\"item\":\"https:\\\/\\\/biovarsella.eu\\\/ca\\\/\"},{\"@type\":\"ListItem\",\"position\":2,\"name\":\"Visites guiades a la nostra finca\"}]},{\"@type\":\"WebSite\",\"@id\":\"https:\\\/\\\/biovarsella.eu\\\/ca\\\/#website\",\"url\":\"https:\\\/\\\/biovarsella.eu\\\/ca\\\/\",\"name\":\"BioVarsella\",\"description\":\"\",\"publisher\":{\"@id\":\"https:\\\/\\\/biovarsella.eu\\\/ca\\\/#organization\"},\"potentialAction\":[{\"@type\":\"SearchAction\",\"target\":{\"@type\":\"EntryPoint\",\"urlTemplate\":\"https:\\\/\\\/biovarsella.eu\\\/ca\\\/?s={search_term_string}\"},\"query-input\":{\"@type\":\"PropertyValueSpecification\",\"valueRequired\":true,\"valueName\":\"search_term_string\"}}],\"inLanguage\":\"ca\"},{\"@type\":\"Organization\",\"@id\":\"https:\\\/\\\/biovarsella.eu\\\/ca\\\/#organization\",\"name\":\"BioVarsella\",\"url\":\"https:\\\/\\\/biovarsella.eu\\\/ca\\\/\",\"logo\":{\"@type\":\"ImageObject\",\"inLanguage\":\"ca\",\"@id\":\"https:\\\/\\\/biovarsella.eu\\\/ca\\\/#\\\/schema\\\/logo\\\/image\\\/\",\"url\":\"https:\\\/\\\/biovarsella.eu\\\/wp-content\\\/uploads\\\/2024\\\/04\\\/logo-fotter-biovarsella.png\",\"contentUrl\":\"https:\\\/\\\/biovarsella.eu\\\/wp-content\\\/uploads\\\/2024\\\/04\\\/logo-fotter-biovarsella.png\",\"width\":195,\"height\":67,\"caption\":\"BioVarsella\"},\"image\":{\"@id\":\"https:\\\/\\\/biovarsella.eu\\\/ca\\\/#\\\/schema\\\/logo\\\/image\\\/\"},\"sameAs\":[\"https:\\\/\\\/www.instagram.com\\\/biovarsella_hortdebitem\"]}]}<\/script>\n<!-- \/ Yoast SEO plugin. -->","yoast_head_json":{"title":"Visites guiades a la finca de Bio Varsella","description":"Vols submergir-te en el fascinant m\u00f3n de l\u2019agricultura ecol\u00f2gica? A Bio Varsella t\u2019oferim visites guiades a la nostra finca.","robots":{"index":"index","follow":"follow","max-snippet":"max-snippet:-1","max-image-preview":"max-image-preview:large","max-video-preview":"max-video-preview:-1"},"canonical":"https:\/\/biovarsella.eu\/ca\/visites-guiades-a-la-nostra-finca\/","og_locale":"ca_ES","og_type":"article","og_title":"Visites guiades a la finca de Bio Varsella","og_description":"Vols submergir-te en el fascinant m\u00f3n de l\u2019agricultura ecol\u00f2gica? A Bio Varsella t\u2019oferim visites guiades a la nostra finca.","og_url":"https:\/\/biovarsella.eu\/ca\/visites-guiades-a-la-nostra-finca\/","og_site_name":"BioVarsella","article_modified_time":"2024-05-06T16:20:58+00:00","twitter_card":"summary_large_image","twitter_misc":{"Temps estimat de lectura":"2 minuts"},"schema":{"@context":"https:\/\/schema.org","@graph":[{"@type":"WebPage","@id":"https:\/\/biovarsella.eu\/ca\/visites-guiades-a-la-nostra-finca\/","url":"https:\/\/biovarsella.eu\/ca\/visites-guiades-a-la-nostra-finca\/","name":"Visites guiades a la finca de Bio Varsella","isPartOf":{"@id":"https:\/\/biovarsella.eu\/ca\/#website"},"datePublished":"2024-04-26T11:23:36+00:00","dateModified":"2024-05-06T16:20:58+00:00","description":"Vols submergir-te en el fascinant m\u00f3n de l\u2019agricultura ecol\u00f2gica? A Bio Varsella t\u2019oferim visites guiades a la nostra finca.","breadcrumb":{"@id":"https:\/\/biovarsella.eu\/ca\/visites-guiades-a-la-nostra-finca\/#breadcrumb"},"inLanguage":"ca","potentialAction":[{"@type":"ReadAction","target":["https:\/\/biovarsella.eu\/ca\/visites-guiades-a-la-nostra-finca\/"]}]},{"@type":"BreadcrumbList","@id":"https:\/\/biovarsella.eu\/ca\/visites-guiades-a-la-nostra-finca\/#breadcrumb","itemListElement":[{"@type":"ListItem","position":1,"name":"Portada","item":"https:\/\/biovarsella.eu\/ca\/"},{"@type":"ListItem","position":2,"name":"Visites guiades a la nostra finca"}]},{"@type":"WebSite","@id":"https:\/\/biovarsella.eu\/ca\/#website","url":"https:\/\/biovarsella.eu\/ca\/","name":"BioVarsella","description":"","publisher":{"@id":"https:\/\/biovarsella.eu\/ca\/#organization"},"potentialAction":[{"@type":"SearchAction","target":{"@type":"EntryPoint","urlTemplate":"https:\/\/biovarsella.eu\/ca\/?s={search_term_string}"},"query-input":{"@type":"PropertyValueSpecification","valueRequired":true,"valueName":"search_term_string"}}],"inLanguage":"ca"},{"@type":"Organization","@id":"https:\/\/biovarsella.eu\/ca\/#organization","name":"BioVarsella","url":"https:\/\/biovarsella.eu\/ca\/","logo":{"@type":"ImageObject","inLanguage":"ca","@id":"https:\/\/biovarsella.eu\/ca\/#\/schema\/logo\/image\/","url":"https:\/\/biovarsella.eu\/wp-content\/uploads\/2024\/04\/logo-fotter-biovarsella.png","contentUrl":"https:\/\/biovarsella.eu\/wp-content\/uploads\/2024\/04\/logo-fotter-biovarsella.png","width":195,"height":67,"caption":"BioVarsella"},"image":{"@id":"https:\/\/biovarsella.eu\/ca\/#\/schema\/logo\/image\/"},"sameAs":["https:\/\/www.instagram.com\/biovarsella_hortdebitem"]}]}},"_links":{"self":[{"href":"https:\/\/biovarsella.eu\/ca\/wp-json\/wp\/v2\/pages\/585","targetHints":{"allow":["GET"]}}],"collection":[{"href":"https:\/\/biovarsella.eu\/ca\/wp-json\/wp\/v2\/pages"}],"about":[{"href":"https:\/\/biovarsella.eu\/ca\/wp-json\/wp\/v2\/types\/page"}],"author":[{"embeddable":true,"href":"https:\/\/biovarsella.eu\/ca\/wp-json\/wp\/v2\/users\/1"}],"replies":[{"embeddable":true,"href":"https:\/\/biovarsella.eu\/ca\/wp-json\/wp\/v2\/comments?post=585"}],"version-history":[{"count":9,"href":"https:\/\/biovarsella.eu\/ca\/wp-json\/wp\/v2\/pages\/585\/revisions"}],"predecessor-version":[{"id":674,"href":"https:\/\/biovarsella.eu\/ca\/wp-json\/wp\/v2\/pages\/585\/revisions\/674"}],"wp:attachment":[{"href":"https:\/\/biovarsella.eu\/ca\/wp-json\/wp\/v2\/media?parent=585"}],"curies":[{"name":"wp","href":"https:\/\/api.w.org\/{rel}","templated":true}]}}