{"id":591,"date":"2024-04-26T13:23:16","date_gmt":"2024-04-26T11:23:16","guid":{"rendered":"https:\/\/biovarsella.eu\/certificacions-ecologiques\/"},"modified":"2024-05-06T18:02:30","modified_gmt":"2024-05-06T16:02:30","slug":"certificacions-ecologiques","status":"publish","type":"page","link":"https:\/\/biovarsella.eu\/ca\/certificacions-ecologiques\/","title":{"rendered":"Certificacions ecol\u00f2giques"},"content":{"rendered":"<div class=\"wpb-content-wrapper\"><p>[vc_row css_animation=&#8221;&#8221; row_type=&#8221;row&#8221; use_row_as_full_screen_section=&#8221;no&#8221; type=&#8221;full_width&#8221; angled_section=&#8221;no&#8221; text_align=&#8221;left&#8221; background_image_as_pattern=&#8221;without_pattern&#8221;][vc_column][vc_single_image image=&#8221;528&#8243; img_size=&#8221;full&#8221; css=&#8221;&#8221; qode_css_animation=&#8221;&#8221;][\/vc_column][\/vc_row][vc_row css_animation=&#8221;&#8221; row_type=&#8221;row&#8221; use_row_as_full_screen_section=&#8221;no&#8221; type=&#8221;grid&#8221; angled_section=&#8221;no&#8221; text_align=&#8221;center&#8221; background_image_as_pattern=&#8221;without_pattern&#8221; z_index=&#8221;&#8221;][vc_column offset=&#8221;vc_col-lg-offset-2 vc_col-lg-8&#8243; css=&#8221;.vc_custom_1714659380868{margin-top: -134px !important;}&#8221; el_class=&#8221;producto__title&#8221;][qode_elements_holder number_of_columns=&#8221;one_column&#8221;][qode_elements_holder_item advanced_animations=&#8221;no&#8221; background_color=&#8221;#ffffff&#8221; item_padding=&#8221;40px 20px 40px 20px&#8221;][vc_column_text css=&#8221;&#8221;]<\/p>\n<h1>Certificacions ecol\u00f2giques<\/h1>\n<p>[\/vc_column_text][vc_column_text css=&#8221;&#8221; el_class=&#8221;w-640-center&#8221;]<\/p>\n<p class=\"size-18 text-center\"><em><span style=\"font-weight: 400;\">Les certificacions ecol\u00f2giques garanteixen la puresa de la nostra fruita cultivada de forma sostenible al nostre hort de B\u00edtem.<\/span><\/em><\/p>\n<p>[\/vc_column_text][\/qode_elements_holder_item][\/qode_elements_holder][\/vc_column][\/vc_row][vc_row css_animation=&#8221;&#8221; row_type=&#8221;row&#8221; use_row_as_full_screen_section=&#8221;no&#8221; type=&#8221;grid&#8221; angled_section=&#8221;no&#8221; text_align=&#8221;left&#8221; background_image_as_pattern=&#8221;without_pattern&#8221; z_index=&#8221;&#8221; el_class=&#8221;cestrificaciones__section-top&#8221;][vc_column][vc_column_text css=&#8221;&#8221; el_class=&#8221;w-960-center&#8221;]<\/p>\n<h3>Les nostres certificacions ecol\u00f2giques<\/h3>\n<p>[\/vc_column_text][vc_empty_space][vc_column_text css=&#8221;&#8221; el_class=&#8221;w-960-center&#8221;]Les nostres certificacions ecol\u00f2giques no s\u00f3n nom\u00e9s un segell als nostres productes, s\u00f3n un reflex del nostre comprom\u00eds continu amb l&#8217;agricultura ecol\u00f2gica, el respecte pel medi ambient i les persones. Aqu\u00ed hi ha algunes de les principals certificacions que avalen la nostra qualitat i comprom\u00eds amb la sostenibilitat.[\/vc_column_text][\/vc_column][\/vc_row][vc_row css_animation=&#8221;&#8221; row_type=&#8221;row&#8221; use_row_as_full_screen_section=&#8221;no&#8221; type=&#8221;grid&#8221; angled_section=&#8221;no&#8221; text_align=&#8221;left&#8221; background_image_as_pattern=&#8221;without_pattern&#8221; el_class=&#8221;certificaciones__section&#8221; z_index=&#8221;&#8221;][vc_column width=&#8221;1\/3&#8243;][vc_single_image image=&#8221;541&#8243; img_size=&#8221;full&#8221; alignment=&#8221;center&#8221; css=&#8221;&#8221; qode_css_animation=&#8221;&#8221;][\/vc_column][vc_column width=&#8221;2\/3&#8243;][vc_column_text css=&#8221;&#8221;]<\/p>\n<h3>Consell de la Producci\u00f3 Agr\u00e0ria Ecol\u00f2gica (CCPAE)<\/h3>\n<p>[\/vc_column_text][vc_empty_space][vc_column_text css=&#8221;&#8221;]El CCPAE \u00e9s una certificaci\u00f3 reconeguda que garanteix que els nostres productes agr\u00edcoles s\u00f3n produ\u00efts d&#8217;acord amb est\u00e0ndards estrictes d&#8217;agricultura ecol\u00f2gica, promovent pr\u00e0ctiques sostenibles i respectuoses amb el medi ambient.[\/vc_column_text][\/vc_column][\/vc_row][vc_row css_animation=&#8221;&#8221; row_type=&#8221;row&#8221; use_row_as_full_screen_section=&#8221;no&#8221; type=&#8221;grid&#8221; angled_section=&#8221;no&#8221; text_align=&#8221;left&#8221; background_image_as_pattern=&#8221;without_pattern&#8221; el_class=&#8221;certificaciones__section certificaciones__row-inverse&#8221; z_index=&#8221;&#8221;][vc_column width=&#8221;2\/3&#8243;][vc_column_text css=&#8221;&#8221;]<\/p>\n<h3>Reglament (UE) 2018\/848 sobre producci\u00f3 ecol\u00f2gica i etiquetatge dels productes ecol\u00f2gics<\/h3>\n<p>[\/vc_column_text][vc_empty_space][vc_column_text css=&#8221;&#8221;]Aquest reglament estableix les normatives per a la producci\u00f3 ecol\u00f2gica a la Uni\u00f3 Europea, assegurant que els nostres productes compleixin els m\u00e9s alts est\u00e0ndards de qualitat, biodiversitat i benestar animal, satisfent les prefer\u00e8ncies dels consumidors preocupats per la naturalitat dels productes que consumeixen.[\/vc_column_text][\/vc_column][vc_column width=&#8221;1\/3&#8243;][vc_single_image image=&#8221;545&#8243; img_size=&#8221;full&#8221; alignment=&#8221;center&#8221; css=&#8221;&#8221; qode_css_animation=&#8221;&#8221;][\/vc_column][\/vc_row][vc_row css_animation=&#8221;&#8221; row_type=&#8221;row&#8221; use_row_as_full_screen_section=&#8221;no&#8221; type=&#8221;grid&#8221; angled_section=&#8221;no&#8221; text_align=&#8221;left&#8221; background_image_as_pattern=&#8221;without_pattern&#8221; el_class=&#8221;certificaciones__section&#8221; z_index=&#8221;&#8221;][vc_column width=&#8221;1\/3&#8243;][vc_single_image image=&#8221;549&#8243; img_size=&#8221;full&#8221; alignment=&#8221;center&#8221; css=&#8221;&#8221; qode_css_animation=&#8221;&#8221;][\/vc_column][vc_column width=&#8221;2\/3&#8243;][vc_column_text css=&#8221;&#8221;]<\/p>\n<h3>Global GAP<\/h3>\n<p>[\/vc_column_text][vc_empty_space][vc_column_text css=&#8221;&#8221;]Com a part del nostre comprom\u00eds amb la seguretat aliment\u00e0ria i la sostenibilitat, estem certificats per Global GAP, el programa l\u00edder mundial en assegurament de la qualitat agr\u00edcola. Aquesta certificaci\u00f3 garanteix que complim els est\u00e0ndards internacionals en termes d&#8217;innocu\u00eftat aliment\u00e0ria, m\u00e8todes de producci\u00f3 sostenible, benestar laboral i animal, i \u00fas responsable de recursos naturals com l&#8217;aigua i els aliments per a animals.[\/vc_column_text][\/vc_column][\/vc_row][vc_row css_animation=&#8221;&#8221; row_type=&#8221;row&#8221; use_row_as_full_screen_section=&#8221;no&#8221; type=&#8221;grid&#8221; angled_section=&#8221;no&#8221; text_align=&#8221;left&#8221; background_image_as_pattern=&#8221;without_pattern&#8221; el_class=&#8221;certificaciones__section-bottom certificaciones__row-inverse&#8221; z_index=&#8221;&#8221;][vc_column width=&#8221;2\/3&#8243;][vc_column_text css=&#8221;&#8221;]<\/p>\n<h3>Global GAP m\u00f2dul GRASP<\/h3>\n<p>[\/vc_column_text][vc_empty_space][vc_column_text css=&#8221;&#8221;]A m\u00e9s de la nostra certificaci\u00f3 Global GAP, tamb\u00e9 hem obtingut el m\u00f2dul GRASP, que se centra espec\u00edficament en el benestar dels treballadors agr\u00edcoles. Aix\u00f2 demostra el nostre comprom\u00eds amb el respecte i la dignitat dels qui contribueixen directament a la producci\u00f3 dels nostres aliments.[\/vc_column_text][\/vc_column][vc_column width=&#8221;1\/3&#8243;][vc_single_image image=&#8221;551&#8243; img_size=&#8221;full&#8221; alignment=&#8221;center&#8221; css=&#8221;&#8221; qode_css_animation=&#8221;&#8221;][\/vc_column][\/vc_row][vc_row css_animation=&#8221;&#8221; row_type=&#8221;row&#8221; use_row_as_full_screen_section=&#8221;no&#8221; type=&#8221;grid&#8221; angled_section=&#8221;no&#8221; text_align=&#8221;left&#8221; background_image_as_pattern=&#8221;without_pattern&#8221; el_class=&#8221;home__cta&#8221; css=&#8221;.vc_custom_1714658742571{background-image: url(https:\/\/biovarsella.eu\/wp-content\/uploads\/2024\/05\/cta.jpg?id=369) !important;background-position: center !important;background-repeat: no-repeat !important;background-size: cover !important;}&#8221; z_index=&#8221;&#8221;][vc_column el_class=&#8221;w-960-center&#8221;][vc_raw_html css=&#8221;&#8221;]PHAgY2xhc3M9ImhvbWVfX2N0YS10ZXh0Ij5TaSB2b2xzIG3DqXMgaW5mb3JtYWNpw7Mgc29icmUgZWxzIG5vc3RyZXMgPHNwYW4+cHJvZHVjdGVzIGVjb2zDsmdpY3M8L3NwYW4+LCBjb250YWN0YSBhbWIgbm9zYWx0cmVzPC9wPg==[\/vc_raw_html]<a  itemprop=\"url\" href=\"https:\/\/biovarsella.eu\/ca\/contacte\/\" target=\"_self\"  class=\"qbutton  default\" style=\"\">CONEIX-NOS<\/a>[\/vc_column][\/vc_row]<\/p>\n<\/div>","protected":false},"excerpt":{"rendered":"<p>[vc_row css_animation=&#8221;&#8221; row_type=&#8221;row&#8221; use_row_as_full_screen_section=&#8221;no&#8221; type=&#8221;full_width&#8221; angled_section=&#8221;no&#8221; text_align=&#8221;left&#8221; background_image_as_pattern=&#8221;without_pattern&#8221;][vc_column][vc_single_image image=&#8221;528&#8243; img_size=&#8221;full&#8221; css=&#8221;&#8221; qode_css_animation=&#8221;&#8221;][\/vc_column][\/vc_row][vc_row css_animation=&#8221;&#8221; row_type=&#8221;row&#8221; use_row_as_full_screen_section=&#8221;no&#8221; type=&#8221;grid&#8221; angled_section=&#8221;no&#8221; text_align=&#8221;center&#8221; background_image_as_pattern=&#8221;without_pattern&#8221; z_index=&#8221;&#8221;][vc_column offset=&#8221;vc_col-lg-offset-2 vc_col-lg-8&#8243; css=&#8221;.vc_custom_1714659380868{margin-top: -134px !important;}&#8221; el_class=&#8221;producto__title&#8221;][qode_elements_holder number_of_columns=&#8221;one_column&#8221;][qode_elements_holder_item advanced_animations=&#8221;no&#8221; background_color=&#8221;#ffffff&#8221; item_padding=&#8221;40px 20px 40px 20px&#8221;][vc_column_text css=&#8221;&#8221;] Certificacions ecol\u00f2giques [\/vc_column_text][vc_column_text css=&#8221;&#8221; el_class=&#8221;w-640-center&#8221;] Les certificacions ecol\u00f2giques garanteixen la puresa&#8230;<\/p>\n","protected":false},"author":1,"featured_media":0,"parent":0,"menu_order":0,"comment_status":"closed","ping_status":"closed","template":"full_width.php","meta":{"footnotes":""},"class_list":["post-591","page","type-page","status-publish","hentry"],"yoast_head":"<!-- This site is optimized with the Yoast SEO plugin v27.3 - https:\/\/yoast.com\/product\/yoast-seo-wordpress\/ -->\n<title>Certificacions ecol\u00f2giques<\/title>\n<meta name=\"description\" content=\"Les nostres certificacions ecol\u00f2giques no s\u00f3n nom\u00e9s un segell, s\u00f3n un reflex del nostre comprom\u00eds amb l\u2019agricultura ecol\u00f2gica.\" \/>\n<meta name=\"robots\" content=\"index, follow, max-snippet:-1, max-image-preview:large, max-video-preview:-1\" \/>\n<link rel=\"canonical\" href=\"https:\/\/biovarsella.eu\/ca\/certificacions-ecologiques\/\" \/>\n<meta property=\"og:locale\" content=\"ca_ES\" \/>\n<meta property=\"og:type\" content=\"article\" \/>\n<meta property=\"og:title\" content=\"Certificacions ecol\u00f2giques\" \/>\n<meta property=\"og:description\" content=\"Les nostres certificacions ecol\u00f2giques no s\u00f3n nom\u00e9s un segell, s\u00f3n un reflex del nostre comprom\u00eds amb l\u2019agricultura ecol\u00f2gica.\" \/>\n<meta property=\"og:url\" content=\"https:\/\/biovarsella.eu\/ca\/certificacions-ecologiques\/\" \/>\n<meta property=\"og:site_name\" content=\"BioVarsella\" \/>\n<meta property=\"article:modified_time\" content=\"2024-05-06T16:02:30+00:00\" \/>\n<meta name=\"twitter:card\" content=\"summary_large_image\" \/>\n<meta name=\"twitter:label1\" content=\"Temps estimat de lectura\" \/>\n\t<meta name=\"twitter:data1\" content=\"2 minuts\" \/>\n<script type=\"application\/ld+json\" class=\"yoast-schema-graph\">{\"@context\":\"https:\\\/\\\/schema.org\",\"@graph\":[{\"@type\":\"WebPage\",\"@id\":\"https:\\\/\\\/biovarsella.eu\\\/ca\\\/certificacions-ecologiques\\\/\",\"url\":\"https:\\\/\\\/biovarsella.eu\\\/ca\\\/certificacions-ecologiques\\\/\",\"name\":\"Certificacions ecol\u00f2giques\",\"isPartOf\":{\"@id\":\"https:\\\/\\\/biovarsella.eu\\\/ca\\\/#website\"},\"datePublished\":\"2024-04-26T11:23:16+00:00\",\"dateModified\":\"2024-05-06T16:02:30+00:00\",\"description\":\"Les nostres certificacions ecol\u00f2giques no s\u00f3n nom\u00e9s un segell, s\u00f3n un reflex del nostre comprom\u00eds amb l\u2019agricultura ecol\u00f2gica.\",\"breadcrumb\":{\"@id\":\"https:\\\/\\\/biovarsella.eu\\\/ca\\\/certificacions-ecologiques\\\/#breadcrumb\"},\"inLanguage\":\"ca\",\"potentialAction\":[{\"@type\":\"ReadAction\",\"target\":[\"https:\\\/\\\/biovarsella.eu\\\/ca\\\/certificacions-ecologiques\\\/\"]}]},{\"@type\":\"BreadcrumbList\",\"@id\":\"https:\\\/\\\/biovarsella.eu\\\/ca\\\/certificacions-ecologiques\\\/#breadcrumb\",\"itemListElement\":[{\"@type\":\"ListItem\",\"position\":1,\"name\":\"Portada\",\"item\":\"https:\\\/\\\/biovarsella.eu\\\/ca\\\/\"},{\"@type\":\"ListItem\",\"position\":2,\"name\":\"Certificacions ecol\u00f2giques\"}]},{\"@type\":\"WebSite\",\"@id\":\"https:\\\/\\\/biovarsella.eu\\\/ca\\\/#website\",\"url\":\"https:\\\/\\\/biovarsella.eu\\\/ca\\\/\",\"name\":\"BioVarsella\",\"description\":\"\",\"publisher\":{\"@id\":\"https:\\\/\\\/biovarsella.eu\\\/ca\\\/#organization\"},\"potentialAction\":[{\"@type\":\"SearchAction\",\"target\":{\"@type\":\"EntryPoint\",\"urlTemplate\":\"https:\\\/\\\/biovarsella.eu\\\/ca\\\/?s={search_term_string}\"},\"query-input\":{\"@type\":\"PropertyValueSpecification\",\"valueRequired\":true,\"valueName\":\"search_term_string\"}}],\"inLanguage\":\"ca\"},{\"@type\":\"Organization\",\"@id\":\"https:\\\/\\\/biovarsella.eu\\\/ca\\\/#organization\",\"name\":\"BioVarsella\",\"url\":\"https:\\\/\\\/biovarsella.eu\\\/ca\\\/\",\"logo\":{\"@type\":\"ImageObject\",\"inLanguage\":\"ca\",\"@id\":\"https:\\\/\\\/biovarsella.eu\\\/ca\\\/#\\\/schema\\\/logo\\\/image\\\/\",\"url\":\"https:\\\/\\\/biovarsella.eu\\\/wp-content\\\/uploads\\\/2024\\\/04\\\/logo-fotter-biovarsella.png\",\"contentUrl\":\"https:\\\/\\\/biovarsella.eu\\\/wp-content\\\/uploads\\\/2024\\\/04\\\/logo-fotter-biovarsella.png\",\"width\":195,\"height\":67,\"caption\":\"BioVarsella\"},\"image\":{\"@id\":\"https:\\\/\\\/biovarsella.eu\\\/ca\\\/#\\\/schema\\\/logo\\\/image\\\/\"},\"sameAs\":[\"https:\\\/\\\/www.instagram.com\\\/biovarsella_hortdebitem\"]}]}<\/script>\n<!-- \/ Yoast SEO plugin. -->","yoast_head_json":{"title":"Certificacions ecol\u00f2giques","description":"Les nostres certificacions ecol\u00f2giques no s\u00f3n nom\u00e9s un segell, s\u00f3n un reflex del nostre comprom\u00eds amb l\u2019agricultura ecol\u00f2gica.","robots":{"index":"index","follow":"follow","max-snippet":"max-snippet:-1","max-image-preview":"max-image-preview:large","max-video-preview":"max-video-preview:-1"},"canonical":"https:\/\/biovarsella.eu\/ca\/certificacions-ecologiques\/","og_locale":"ca_ES","og_type":"article","og_title":"Certificacions ecol\u00f2giques","og_description":"Les nostres certificacions ecol\u00f2giques no s\u00f3n nom\u00e9s un segell, s\u00f3n un reflex del nostre comprom\u00eds amb l\u2019agricultura ecol\u00f2gica.","og_url":"https:\/\/biovarsella.eu\/ca\/certificacions-ecologiques\/","og_site_name":"BioVarsella","article_modified_time":"2024-05-06T16:02:30+00:00","twitter_card":"summary_large_image","twitter_misc":{"Temps estimat de lectura":"2 minuts"},"schema":{"@context":"https:\/\/schema.org","@graph":[{"@type":"WebPage","@id":"https:\/\/biovarsella.eu\/ca\/certificacions-ecologiques\/","url":"https:\/\/biovarsella.eu\/ca\/certificacions-ecologiques\/","name":"Certificacions ecol\u00f2giques","isPartOf":{"@id":"https:\/\/biovarsella.eu\/ca\/#website"},"datePublished":"2024-04-26T11:23:16+00:00","dateModified":"2024-05-06T16:02:30+00:00","description":"Les nostres certificacions ecol\u00f2giques no s\u00f3n nom\u00e9s un segell, s\u00f3n un reflex del nostre comprom\u00eds amb l\u2019agricultura ecol\u00f2gica.","breadcrumb":{"@id":"https:\/\/biovarsella.eu\/ca\/certificacions-ecologiques\/#breadcrumb"},"inLanguage":"ca","potentialAction":[{"@type":"ReadAction","target":["https:\/\/biovarsella.eu\/ca\/certificacions-ecologiques\/"]}]},{"@type":"BreadcrumbList","@id":"https:\/\/biovarsella.eu\/ca\/certificacions-ecologiques\/#breadcrumb","itemListElement":[{"@type":"ListItem","position":1,"name":"Portada","item":"https:\/\/biovarsella.eu\/ca\/"},{"@type":"ListItem","position":2,"name":"Certificacions ecol\u00f2giques"}]},{"@type":"WebSite","@id":"https:\/\/biovarsella.eu\/ca\/#website","url":"https:\/\/biovarsella.eu\/ca\/","name":"BioVarsella","description":"","publisher":{"@id":"https:\/\/biovarsella.eu\/ca\/#organization"},"potentialAction":[{"@type":"SearchAction","target":{"@type":"EntryPoint","urlTemplate":"https:\/\/biovarsella.eu\/ca\/?s={search_term_string}"},"query-input":{"@type":"PropertyValueSpecification","valueRequired":true,"valueName":"search_term_string"}}],"inLanguage":"ca"},{"@type":"Organization","@id":"https:\/\/biovarsella.eu\/ca\/#organization","name":"BioVarsella","url":"https:\/\/biovarsella.eu\/ca\/","logo":{"@type":"ImageObject","inLanguage":"ca","@id":"https:\/\/biovarsella.eu\/ca\/#\/schema\/logo\/image\/","url":"https:\/\/biovarsella.eu\/wp-content\/uploads\/2024\/04\/logo-fotter-biovarsella.png","contentUrl":"https:\/\/biovarsella.eu\/wp-content\/uploads\/2024\/04\/logo-fotter-biovarsella.png","width":195,"height":67,"caption":"BioVarsella"},"image":{"@id":"https:\/\/biovarsella.eu\/ca\/#\/schema\/logo\/image\/"},"sameAs":["https:\/\/www.instagram.com\/biovarsella_hortdebitem"]}]}},"_links":{"self":[{"href":"https:\/\/biovarsella.eu\/ca\/wp-json\/wp\/v2\/pages\/591","targetHints":{"allow":["GET"]}}],"collection":[{"href":"https:\/\/biovarsella.eu\/ca\/wp-json\/wp\/v2\/pages"}],"about":[{"href":"https:\/\/biovarsella.eu\/ca\/wp-json\/wp\/v2\/types\/page"}],"author":[{"embeddable":true,"href":"https:\/\/biovarsella.eu\/ca\/wp-json\/wp\/v2\/users\/1"}],"replies":[{"embeddable":true,"href":"https:\/\/biovarsella.eu\/ca\/wp-json\/wp\/v2\/comments?post=591"}],"version-history":[{"count":4,"href":"https:\/\/biovarsella.eu\/ca\/wp-json\/wp\/v2\/pages\/591\/revisions"}],"predecessor-version":[{"id":675,"href":"https:\/\/biovarsella.eu\/ca\/wp-json\/wp\/v2\/pages\/591\/revisions\/675"}],"wp:attachment":[{"href":"https:\/\/biovarsella.eu\/ca\/wp-json\/wp\/v2\/media?parent=591"}],"curies":[{"name":"wp","href":"https:\/\/api.w.org\/{rel}","templated":true}]}}