{"id":595,"date":"2024-04-26T13:22:45","date_gmt":"2024-04-26T11:22:45","guid":{"rendered":"https:\/\/biovarsella.eu\/llimones-ecologiques\/"},"modified":"2024-05-06T17:40:58","modified_gmt":"2024-05-06T15:40:58","slug":"llimones-ecologiques","status":"publish","type":"page","link":"https:\/\/biovarsella.eu\/ca\/llimones-ecologiques\/","title":{"rendered":"Llimones ecol\u00f2giques"},"content":{"rendered":"<div class=\"wpb-content-wrapper\"><p>[vc_row css_animation=&#8221;&#8221; row_type=&#8221;row&#8221; use_row_as_full_screen_section=&#8221;no&#8221; type=&#8221;full_width&#8221; angled_section=&#8221;no&#8221; text_align=&#8221;left&#8221; background_image_as_pattern=&#8221;without_pattern&#8221;][vc_column][vc_single_image image=&#8221;479&#8243; img_size=&#8221;full&#8221; css=&#8221;&#8221; qode_css_animation=&#8221;&#8221;][\/vc_column][\/vc_row][vc_row css_animation=&#8221;&#8221; row_type=&#8221;row&#8221; use_row_as_full_screen_section=&#8221;no&#8221; type=&#8221;grid&#8221; angled_section=&#8221;no&#8221; text_align=&#8221;center&#8221; background_image_as_pattern=&#8221;without_pattern&#8221; z_index=&#8221;&#8221;][vc_column offset=&#8221;vc_col-lg-offset-2 vc_col-lg-8&#8243; css=&#8221;.vc_custom_1714659380868{margin-top: -134px !important;}&#8221; el_class=&#8221;producto__title&#8221;][qode_elements_holder number_of_columns=&#8221;one_column&#8221;][qode_elements_holder_item advanced_animations=&#8221;no&#8221; background_color=&#8221;#ffffff&#8221; item_padding=&#8221;40px 20px 40px 20px&#8221;][vc_column_text css=&#8221;&#8221;]<\/p>\n<h1>Llimones ecol\u00f2giques de l&#8217;Ebre<\/h1>\n<p>[\/vc_column_text][vc_column_text css=&#8221;&#8221; el_class=&#8221;w-640-center&#8221;]<\/p>\n<p class=\"size-18 text-center\"><em>No et perdis l&#8217;oportunitat de gaudir de la frescor i qualitat de les nostres llimes i llimones ecol\u00f2giques cultivades de forma sostenible al nostre hort de B\u00edtem.<\/em><\/p>\n<p>[\/vc_column_text][\/qode_elements_holder_item][\/qode_elements_holder][\/vc_column][\/vc_row][vc_row css_animation=&#8221;&#8221; row_type=&#8221;row&#8221; use_row_as_full_screen_section=&#8221;no&#8221; type=&#8221;full_width&#8221; angled_section=&#8221;no&#8221; text_align=&#8221;left&#8221; background_image_as_pattern=&#8221;without_pattern&#8221; z_index=&#8221;&#8221; css=&#8221;.vc_custom_1714658895027{padding-top: 80px !important;}&#8221;][vc_column][vc_row_inner row_type=&#8221;row&#8221; type=&#8221;grid&#8221; text_align=&#8221;left&#8221; css_animation=&#8221;&#8221;][vc_column_inner][vc_column_text css=&#8221;&#8221; el_class=&#8221;w-1080-center&#8221;]<\/p>\n<h2 class=\"h3\">Llimones ecol\u00f2giques <\/h2>\n<p>[\/vc_column_text][vc_empty_space][vc_column_text css=&#8221;&#8221; el_class=&#8221;w-1080-center&#8221;]Les nostres <strong>llimones<\/strong> ecol\u00f2giques, provinents de les varietats verna, eureka i fina, ofereixen una explosi\u00f3 de frescor i sabor amb una intensa aroma natural. Cultivades amb molta cura i dedicaci\u00f3, aquestes varietats de llimona riques en vitamina C i antioxidants s\u00f3n perfectes per donar un toc refrescant i \u00e0cid a plats salats i dol\u00e7os. La seva versatilitat les fa indispensables a la cuina.<\/p>\n<p>Ja sigui espremudes en una refrescant llimonada, ratllades sobre plats gurmet o simplement per donar un toc c\u00edtric a les teves receptes favorites, les nostres llimones ecol\u00f2giques s\u00f3n l&#8217;elecci\u00f3 perfecta per als que busquen qualitat i sabor aut\u00e8ntic.[\/vc_column_text][vc_empty_space height=&#8221;45px&#8221;][vc_column_text css=&#8221;&#8221; el_class=&#8221;w-1080-center&#8221;]<\/p>\n<h2 class=\"h3\">Llimes ecol\u00f2giques<\/h2>\n<p>[\/vc_column_text][vc_empty_space][vc_column_text css=&#8221;.vc_custom_1714660621661{padding-bottom: 40px !important;}&#8221; el_class=&#8221;w-1080-center&#8221;]Si busques una opci\u00f3 refrescant i plena de sabor, has de tastar les nostres <strong>llimes<\/strong>. Aquestes fruites agredolces s\u00f3n una excel\u00b7lent font de vitamina C, potassi, \u00e0cid c\u00edtric i fibra. A m\u00e9s, gr\u00e0cies a la seva alta quantitat d&#8217;aigua, s\u00f3n ideals per a normalitzar l&#8217;exc\u00e9s d&#8217;\u00e0cid clorh\u00eddric a l&#8217;est\u00f3mac i prevenir la formaci\u00f3 d&#8217;\u00falceres.<\/p>\n<p>Les llimes s\u00f3n perfectes per a afegir un sabor agredol\u00e7 i refrescant a una gran varietat de plats i begudes a la cuina i l&#8217;hostaleria. El suc i la ratlladura s&#8217;utilitzen en amanides, per a marinar carns i peixos, per a preparar guarnicions, c\u00f2ctels i postres, afegint un toc distintiu i ex\u00f2tic a les receptes.[\/vc_column_text][\/vc_column_inner][\/vc_row_inner][vc_single_image image=&#8221;443&#8243; img_size=&#8221;full&#8221; css=&#8221;&#8221; qode_css_animation=&#8221;&#8221;][\/vc_column][\/vc_row][vc_row css_animation=&#8221;&#8221; row_type=&#8221;row&#8221; use_row_as_full_screen_section=&#8221;no&#8221; type=&#8221;grid&#8221; angled_section=&#8221;no&#8221; text_align=&#8221;left&#8221; background_image_as_pattern=&#8221;without_pattern&#8221; el_class=&#8221;home__cta&#8221; css=&#8221;.vc_custom_1714658742571{background-image: url(https:\/\/biovarsella.eu\/wp-content\/uploads\/2024\/05\/cta.jpg?id=369) !important;background-position: center !important;background-repeat: no-repeat !important;background-size: cover !important;}&#8221; z_index=&#8221;&#8221;][vc_column][vc_raw_html css=&#8221;&#8221;]PHAgY2xhc3M9ImhvbWVfX2N0YS10ZXh0Ij5TaSB2b2xzIG3DqXMgaW5mb3JtYWNpw7Mgc29icmUgZWxzIG5vc3RyZXMgPHNwYW4+cHJvZHVjdGVzIGVjb2zDsmdpY3M8L3NwYW4+LCBjb250YWN0YSBhbWIgbm9zYWx0cmVzPC9wPg==[\/vc_raw_html]<a  itemprop=\"url\" href=\"https:\/\/biovarsella.eu\/ca\/contacte\/\" target=\"_self\"  class=\"qbutton  default\" style=\"\">CONEIX-NOS<\/a>[\/vc_column][\/vc_row]<\/p>\n<\/div>","protected":false},"excerpt":{"rendered":"<p>[vc_row css_animation=&#8221;&#8221; row_type=&#8221;row&#8221; use_row_as_full_screen_section=&#8221;no&#8221; type=&#8221;full_width&#8221; angled_section=&#8221;no&#8221; text_align=&#8221;left&#8221; background_image_as_pattern=&#8221;without_pattern&#8221;][vc_column][vc_single_image image=&#8221;479&#8243; img_size=&#8221;full&#8221; css=&#8221;&#8221; qode_css_animation=&#8221;&#8221;][\/vc_column][\/vc_row][vc_row css_animation=&#8221;&#8221; row_type=&#8221;row&#8221; use_row_as_full_screen_section=&#8221;no&#8221; type=&#8221;grid&#8221; angled_section=&#8221;no&#8221; text_align=&#8221;center&#8221; background_image_as_pattern=&#8221;without_pattern&#8221; z_index=&#8221;&#8221;][vc_column offset=&#8221;vc_col-lg-offset-2 vc_col-lg-8&#8243; css=&#8221;.vc_custom_1714659380868{margin-top: -134px !important;}&#8221; el_class=&#8221;producto__title&#8221;][qode_elements_holder number_of_columns=&#8221;one_column&#8221;][qode_elements_holder_item advanced_animations=&#8221;no&#8221; background_color=&#8221;#ffffff&#8221; item_padding=&#8221;40px 20px 40px 20px&#8221;][vc_column_text css=&#8221;&#8221;] Llimones ecol\u00f2giques de l&#8217;Ebre [\/vc_column_text][vc_column_text css=&#8221;&#8221; el_class=&#8221;w-640-center&#8221;] No et perdis l&#8217;oportunitat&#8230;<\/p>\n","protected":false},"author":1,"featured_media":0,"parent":0,"menu_order":0,"comment_status":"closed","ping_status":"closed","template":"full_width.php","meta":{"footnotes":""},"class_list":["post-595","page","type-page","status-publish","hentry"],"yoast_head":"<!-- This site is optimized with the Yoast SEO plugin v27.3 - https:\/\/yoast.com\/product\/yoast-seo-wordpress\/ -->\n<title>Llimones ecol\u00f2giques Bio Varsella<\/title>\n<meta name=\"description\" content=\"Descobreix la frescor i qualitat de les llimes i llimones ecol\u00f2giques Bio Varsella cultivades de forma sostenible al nostre hort de B\u00edtem.\" \/>\n<meta name=\"robots\" content=\"index, follow, max-snippet:-1, max-image-preview:large, max-video-preview:-1\" \/>\n<link rel=\"canonical\" href=\"https:\/\/biovarsella.eu\/ca\/llimones-ecologiques\/\" \/>\n<meta property=\"og:locale\" content=\"ca_ES\" \/>\n<meta property=\"og:type\" content=\"article\" \/>\n<meta property=\"og:title\" content=\"Llimones ecol\u00f2giques Bio Varsella\" \/>\n<meta property=\"og:description\" content=\"Descobreix la frescor i qualitat de les llimes i llimones ecol\u00f2giques Bio Varsella cultivades de forma sostenible al nostre hort de B\u00edtem.\" \/>\n<meta property=\"og:url\" content=\"https:\/\/biovarsella.eu\/ca\/llimones-ecologiques\/\" \/>\n<meta property=\"og:site_name\" content=\"BioVarsella\" \/>\n<meta property=\"article:modified_time\" content=\"2024-05-06T15:40:58+00:00\" \/>\n<meta name=\"twitter:card\" content=\"summary_large_image\" \/>\n<meta name=\"twitter:label1\" content=\"Temps estimat de lectura\" \/>\n\t<meta name=\"twitter:data1\" content=\"3 minuts\" \/>\n<script type=\"application\/ld+json\" class=\"yoast-schema-graph\">{\"@context\":\"https:\\\/\\\/schema.org\",\"@graph\":[{\"@type\":\"WebPage\",\"@id\":\"https:\\\/\\\/biovarsella.eu\\\/ca\\\/llimones-ecologiques\\\/\",\"url\":\"https:\\\/\\\/biovarsella.eu\\\/ca\\\/llimones-ecologiques\\\/\",\"name\":\"Llimones ecol\u00f2giques Bio Varsella\",\"isPartOf\":{\"@id\":\"https:\\\/\\\/biovarsella.eu\\\/ca\\\/#website\"},\"datePublished\":\"2024-04-26T11:22:45+00:00\",\"dateModified\":\"2024-05-06T15:40:58+00:00\",\"description\":\"Descobreix la frescor i qualitat de les llimes i llimones ecol\u00f2giques Bio Varsella cultivades de forma sostenible al nostre hort de B\u00edtem.\",\"breadcrumb\":{\"@id\":\"https:\\\/\\\/biovarsella.eu\\\/ca\\\/llimones-ecologiques\\\/#breadcrumb\"},\"inLanguage\":\"ca\",\"potentialAction\":[{\"@type\":\"ReadAction\",\"target\":[\"https:\\\/\\\/biovarsella.eu\\\/ca\\\/llimones-ecologiques\\\/\"]}]},{\"@type\":\"BreadcrumbList\",\"@id\":\"https:\\\/\\\/biovarsella.eu\\\/ca\\\/llimones-ecologiques\\\/#breadcrumb\",\"itemListElement\":[{\"@type\":\"ListItem\",\"position\":1,\"name\":\"Portada\",\"item\":\"https:\\\/\\\/biovarsella.eu\\\/ca\\\/\"},{\"@type\":\"ListItem\",\"position\":2,\"name\":\"Llimones ecol\u00f2giques\"}]},{\"@type\":\"WebSite\",\"@id\":\"https:\\\/\\\/biovarsella.eu\\\/ca\\\/#website\",\"url\":\"https:\\\/\\\/biovarsella.eu\\\/ca\\\/\",\"name\":\"BioVarsella\",\"description\":\"\",\"publisher\":{\"@id\":\"https:\\\/\\\/biovarsella.eu\\\/ca\\\/#organization\"},\"potentialAction\":[{\"@type\":\"SearchAction\",\"target\":{\"@type\":\"EntryPoint\",\"urlTemplate\":\"https:\\\/\\\/biovarsella.eu\\\/ca\\\/?s={search_term_string}\"},\"query-input\":{\"@type\":\"PropertyValueSpecification\",\"valueRequired\":true,\"valueName\":\"search_term_string\"}}],\"inLanguage\":\"ca\"},{\"@type\":\"Organization\",\"@id\":\"https:\\\/\\\/biovarsella.eu\\\/ca\\\/#organization\",\"name\":\"BioVarsella\",\"url\":\"https:\\\/\\\/biovarsella.eu\\\/ca\\\/\",\"logo\":{\"@type\":\"ImageObject\",\"inLanguage\":\"ca\",\"@id\":\"https:\\\/\\\/biovarsella.eu\\\/ca\\\/#\\\/schema\\\/logo\\\/image\\\/\",\"url\":\"https:\\\/\\\/biovarsella.eu\\\/wp-content\\\/uploads\\\/2024\\\/04\\\/logo-fotter-biovarsella.png\",\"contentUrl\":\"https:\\\/\\\/biovarsella.eu\\\/wp-content\\\/uploads\\\/2024\\\/04\\\/logo-fotter-biovarsella.png\",\"width\":195,\"height\":67,\"caption\":\"BioVarsella\"},\"image\":{\"@id\":\"https:\\\/\\\/biovarsella.eu\\\/ca\\\/#\\\/schema\\\/logo\\\/image\\\/\"},\"sameAs\":[\"https:\\\/\\\/www.instagram.com\\\/biovarsella_hortdebitem\"]}]}<\/script>\n<!-- \/ Yoast SEO plugin. -->","yoast_head_json":{"title":"Llimones ecol\u00f2giques Bio Varsella","description":"Descobreix la frescor i qualitat de les llimes i llimones ecol\u00f2giques Bio Varsella cultivades de forma sostenible al nostre hort de B\u00edtem.","robots":{"index":"index","follow":"follow","max-snippet":"max-snippet:-1","max-image-preview":"max-image-preview:large","max-video-preview":"max-video-preview:-1"},"canonical":"https:\/\/biovarsella.eu\/ca\/llimones-ecologiques\/","og_locale":"ca_ES","og_type":"article","og_title":"Llimones ecol\u00f2giques Bio Varsella","og_description":"Descobreix la frescor i qualitat de les llimes i llimones ecol\u00f2giques Bio Varsella cultivades de forma sostenible al nostre hort de B\u00edtem.","og_url":"https:\/\/biovarsella.eu\/ca\/llimones-ecologiques\/","og_site_name":"BioVarsella","article_modified_time":"2024-05-06T15:40:58+00:00","twitter_card":"summary_large_image","twitter_misc":{"Temps estimat de lectura":"3 minuts"},"schema":{"@context":"https:\/\/schema.org","@graph":[{"@type":"WebPage","@id":"https:\/\/biovarsella.eu\/ca\/llimones-ecologiques\/","url":"https:\/\/biovarsella.eu\/ca\/llimones-ecologiques\/","name":"Llimones ecol\u00f2giques Bio Varsella","isPartOf":{"@id":"https:\/\/biovarsella.eu\/ca\/#website"},"datePublished":"2024-04-26T11:22:45+00:00","dateModified":"2024-05-06T15:40:58+00:00","description":"Descobreix la frescor i qualitat de les llimes i llimones ecol\u00f2giques Bio Varsella cultivades de forma sostenible al nostre hort de B\u00edtem.","breadcrumb":{"@id":"https:\/\/biovarsella.eu\/ca\/llimones-ecologiques\/#breadcrumb"},"inLanguage":"ca","potentialAction":[{"@type":"ReadAction","target":["https:\/\/biovarsella.eu\/ca\/llimones-ecologiques\/"]}]},{"@type":"BreadcrumbList","@id":"https:\/\/biovarsella.eu\/ca\/llimones-ecologiques\/#breadcrumb","itemListElement":[{"@type":"ListItem","position":1,"name":"Portada","item":"https:\/\/biovarsella.eu\/ca\/"},{"@type":"ListItem","position":2,"name":"Llimones ecol\u00f2giques"}]},{"@type":"WebSite","@id":"https:\/\/biovarsella.eu\/ca\/#website","url":"https:\/\/biovarsella.eu\/ca\/","name":"BioVarsella","description":"","publisher":{"@id":"https:\/\/biovarsella.eu\/ca\/#organization"},"potentialAction":[{"@type":"SearchAction","target":{"@type":"EntryPoint","urlTemplate":"https:\/\/biovarsella.eu\/ca\/?s={search_term_string}"},"query-input":{"@type":"PropertyValueSpecification","valueRequired":true,"valueName":"search_term_string"}}],"inLanguage":"ca"},{"@type":"Organization","@id":"https:\/\/biovarsella.eu\/ca\/#organization","name":"BioVarsella","url":"https:\/\/biovarsella.eu\/ca\/","logo":{"@type":"ImageObject","inLanguage":"ca","@id":"https:\/\/biovarsella.eu\/ca\/#\/schema\/logo\/image\/","url":"https:\/\/biovarsella.eu\/wp-content\/uploads\/2024\/04\/logo-fotter-biovarsella.png","contentUrl":"https:\/\/biovarsella.eu\/wp-content\/uploads\/2024\/04\/logo-fotter-biovarsella.png","width":195,"height":67,"caption":"BioVarsella"},"image":{"@id":"https:\/\/biovarsella.eu\/ca\/#\/schema\/logo\/image\/"},"sameAs":["https:\/\/www.instagram.com\/biovarsella_hortdebitem"]}]}},"_links":{"self":[{"href":"https:\/\/biovarsella.eu\/ca\/wp-json\/wp\/v2\/pages\/595","targetHints":{"allow":["GET"]}}],"collection":[{"href":"https:\/\/biovarsella.eu\/ca\/wp-json\/wp\/v2\/pages"}],"about":[{"href":"https:\/\/biovarsella.eu\/ca\/wp-json\/wp\/v2\/types\/page"}],"author":[{"embeddable":true,"href":"https:\/\/biovarsella.eu\/ca\/wp-json\/wp\/v2\/users\/1"}],"replies":[{"embeddable":true,"href":"https:\/\/biovarsella.eu\/ca\/wp-json\/wp\/v2\/comments?post=595"}],"version-history":[{"count":4,"href":"https:\/\/biovarsella.eu\/ca\/wp-json\/wp\/v2\/pages\/595\/revisions"}],"predecessor-version":[{"id":655,"href":"https:\/\/biovarsella.eu\/ca\/wp-json\/wp\/v2\/pages\/595\/revisions\/655"}],"wp:attachment":[{"href":"https:\/\/biovarsella.eu\/ca\/wp-json\/wp\/v2\/media?parent=595"}],"curies":[{"name":"wp","href":"https:\/\/api.w.org\/{rel}","templated":true}]}}