{"id":598,"date":"2024-04-26T13:22:14","date_gmt":"2024-04-26T11:22:14","guid":{"rendered":"https:\/\/biovarsella.eu\/mandarines-ecologiques\/"},"modified":"2024-05-06T17:42:04","modified_gmt":"2024-05-06T15:42:04","slug":"mandarines-ecologiques","status":"publish","type":"page","link":"https:\/\/biovarsella.eu\/ca\/mandarines-ecologiques\/","title":{"rendered":"Mandarines ecol\u00f2giques"},"content":{"rendered":"<div class=\"wpb-content-wrapper\"><p>[vc_row css_animation=&#8221;&#8221; row_type=&#8221;row&#8221; use_row_as_full_screen_section=&#8221;no&#8221; type=&#8221;full_width&#8221; angled_section=&#8221;no&#8221; text_align=&#8221;left&#8221; background_image_as_pattern=&#8221;without_pattern&#8221;][vc_column][vc_single_image image=&#8221;453&#8243; img_size=&#8221;full&#8221; css=&#8221;&#8221; qode_css_animation=&#8221;&#8221;][\/vc_column][\/vc_row][vc_row css_animation=&#8221;&#8221; row_type=&#8221;row&#8221; use_row_as_full_screen_section=&#8221;no&#8221; type=&#8221;grid&#8221; angled_section=&#8221;no&#8221; text_align=&#8221;center&#8221; background_image_as_pattern=&#8221;without_pattern&#8221; z_index=&#8221;&#8221;][vc_column offset=&#8221;vc_col-lg-offset-2 vc_col-lg-8&#8243; css=&#8221;.vc_custom_1714659380868{margin-top: -134px !important;}&#8221; el_class=&#8221;producto__title&#8221;][qode_elements_holder number_of_columns=&#8221;one_column&#8221;][qode_elements_holder_item advanced_animations=&#8221;no&#8221; background_color=&#8221;#ffffff&#8221; item_padding=&#8221;40px 20px 40px 20px&#8221;][vc_column_text css=&#8221;&#8221;]<\/p>\n<h1>Mandarines ecol\u00f2giques de l&#8217;Ebre<\/h1>\n<p>[\/vc_column_text][vc_column_text css=&#8221;&#8221; el_class=&#8221;w-640-center&#8221;]<\/p>\n<p class=\"size-18 text-center\"><em>Descobreix la frescor i la qualitat de les mandarines ecol\u00f2giques cultivades a les f\u00e8rtils terres del nostre hort de B\u00edtem, regat per les aig\u00fces de l&#8217;Ebre.<\/em><\/p>\n<p>[\/vc_column_text][\/qode_elements_holder_item][\/qode_elements_holder][\/vc_column][\/vc_row][vc_row css_animation=&#8221;&#8221; row_type=&#8221;row&#8221; use_row_as_full_screen_section=&#8221;no&#8221; type=&#8221;full_width&#8221; angled_section=&#8221;no&#8221; text_align=&#8221;left&#8221; background_image_as_pattern=&#8221;without_pattern&#8221; z_index=&#8221;&#8221; css=&#8221;.vc_custom_1714658895027{padding-top: 80px !important;}&#8221;][vc_column][vc_row_inner row_type=&#8221;row&#8221; type=&#8221;grid&#8221; text_align=&#8221;left&#8221; css_animation=&#8221;&#8221;][vc_column_inner][vc_column_text css=&#8221;&#8221; el_class=&#8221;w-1080-center&#8221;]A Bio Varsella cultivem amb passi\u00f3 i cura les varietats m\u00e9s selectes de mandarines. Des de la dol\u00e7or sucosa de la mandarina arrufatina fins a la sucul\u00e8ncia de les clemenules i l&#8217;exquisida textura de la Gold Nugget, cada mandarina \u00e9s un testimoni de la nostra dedicaci\u00f3 a l&#8217;excel\u00b7l\u00e8ncia.<\/p>\n<p>Totes les nostres varietats de mandarina (arrufatina, clemenules, Gold Nugget, Mioro, Orogrande, Ortanique, Valley Gold y Yosemite Gold) s\u00f3n cultivades amb els m\u00e9s alts est\u00e0ndards ecol\u00f2gics, sense l\u2019\u00fas de productes qu\u00edmics sint\u00e8tics ni pesticides per garantir que cada mandarina que arriba a taula sigui pura, saludable i plena de sabor, mentre es respecta i es preserva el medi ambient.<\/p>\n<p>Converteix els teus moments quotidians en una experi\u00e8ncia de sabor excepcional amb les nostres mandarines ecol\u00f2giques.[\/vc_column_text][\/vc_column_inner][\/vc_row_inner][vc_row_inner row_type=&#8221;row&#8221; type=&#8221;grid&#8221; text_align=&#8221;left&#8221; css_animation=&#8221;&#8221; el_class=&#8221;product__gallery&#8221;][vc_column_inner offset=&#8221;vc_col-lg-6 vc_col-md-6&#8243;][qode_elements_holder number_of_columns=&#8221;one_column&#8221;][qode_elements_holder_item advanced_animations=&#8221;no&#8221;][vc_column_text css=&#8221;&#8221;]<\/p>\n<h2 class=\"h3\">Les nostres varietats de mandarines ecol\u00f2giques<\/h2>\n<p>[\/vc_column_text][vc_empty_space height=&#8221;22px&#8221;][vc_column_text css=&#8221;&#8221;]<\/p>\n<p class=\"size-18 text-height-2\"><em>Arrufatina<br \/>\nClemenules<br \/>\nGold Nugget<br \/>\nMioro<br \/>\nOrogrande<br \/>\nOrtanique<br \/>\nValley Gold<br \/>\nYosemite Gold<\/em><\/p>\n<p>[\/vc_column_text][\/qode_elements_holder_item][\/qode_elements_holder][\/vc_column_inner][vc_column_inner offset=&#8221;vc_col-lg-6 vc_col-md-6&#8243;][vc_gallery interval=&#8221;5&#8243; images=&#8221;455,457,459,461,463,465,467,469,471,473,475&#8243; img_size=&#8221;full&#8221; css=&#8221;.vc_custom_1714660038456{margin-bottom: 0px !important;}&#8221;][\/vc_column_inner][\/vc_row_inner][vc_single_image image=&#8221;443&#8243; img_size=&#8221;full&#8221; css=&#8221;&#8221; qode_css_animation=&#8221;&#8221;][\/vc_column][\/vc_row][vc_row css_animation=&#8221;&#8221; row_type=&#8221;row&#8221; use_row_as_full_screen_section=&#8221;no&#8221; type=&#8221;grid&#8221; angled_section=&#8221;no&#8221; text_align=&#8221;left&#8221; background_image_as_pattern=&#8221;without_pattern&#8221; el_class=&#8221;home__cta&#8221; css=&#8221;.vc_custom_1714658742571{background-image: url(https:\/\/biovarsella.eu\/wp-content\/uploads\/2024\/05\/cta.jpg?id=369) !important;background-position: center !important;background-repeat: no-repeat !important;background-size: cover !important;}&#8221; z_index=&#8221;&#8221;][vc_column][vc_raw_html css=&#8221;&#8221;]PHAgY2xhc3M9ImhvbWVfX2N0YS10ZXh0Ij5TaSB2b2xzIG3DqXMgaW5mb3JtYWNpw7Mgc29icmUgZWxzIG5vc3RyZXMgPHNwYW4+cHJvZHVjdGVzIGVjb2zDsmdpY3M8L3NwYW4+LCBjb250YWN0YSBhbWIgbm9zYWx0cmVzPC9wPg==[\/vc_raw_html]<a  itemprop=\"url\" href=\"https:\/\/biovarsella.eu\/ca\/contacte\/\" target=\"_self\"  class=\"qbutton  default\" style=\"\">CONEIX-NOS<\/a>[\/vc_column][\/vc_row]<\/p>\n<\/div>","protected":false},"excerpt":{"rendered":"<p>[vc_row css_animation=&#8221;&#8221; row_type=&#8221;row&#8221; use_row_as_full_screen_section=&#8221;no&#8221; type=&#8221;full_width&#8221; angled_section=&#8221;no&#8221; text_align=&#8221;left&#8221; background_image_as_pattern=&#8221;without_pattern&#8221;][vc_column][vc_single_image image=&#8221;453&#8243; img_size=&#8221;full&#8221; css=&#8221;&#8221; qode_css_animation=&#8221;&#8221;][\/vc_column][\/vc_row][vc_row css_animation=&#8221;&#8221; row_type=&#8221;row&#8221; use_row_as_full_screen_section=&#8221;no&#8221; type=&#8221;grid&#8221; angled_section=&#8221;no&#8221; text_align=&#8221;center&#8221; background_image_as_pattern=&#8221;without_pattern&#8221; z_index=&#8221;&#8221;][vc_column offset=&#8221;vc_col-lg-offset-2 vc_col-lg-8&#8243; css=&#8221;.vc_custom_1714659380868{margin-top: -134px !important;}&#8221; el_class=&#8221;producto__title&#8221;][qode_elements_holder number_of_columns=&#8221;one_column&#8221;][qode_elements_holder_item advanced_animations=&#8221;no&#8221; background_color=&#8221;#ffffff&#8221; item_padding=&#8221;40px 20px 40px 20px&#8221;][vc_column_text css=&#8221;&#8221;] Mandarines ecol\u00f2giques de l&#8217;Ebre [\/vc_column_text][vc_column_text css=&#8221;&#8221; el_class=&#8221;w-640-center&#8221;] Descobreix la frescor i&#8230;<\/p>\n","protected":false},"author":1,"featured_media":0,"parent":0,"menu_order":0,"comment_status":"closed","ping_status":"closed","template":"full_width.php","meta":{"footnotes":""},"class_list":["post-598","page","type-page","status-publish","hentry"],"yoast_head":"<!-- This site is optimized with the Yoast SEO plugin v27.3 - https:\/\/yoast.com\/product\/yoast-seo-wordpress\/ -->\n<title>Mandarines ecol\u00f2giques<\/title>\n<meta name=\"description\" content=\"Descobreix la frescor i la qualitat de les mandarines ecol\u00f2giques Bio Varsella cultivades al nostre hort de B\u00edtem.\" \/>\n<meta name=\"robots\" content=\"index, follow, max-snippet:-1, max-image-preview:large, max-video-preview:-1\" \/>\n<link rel=\"canonical\" href=\"https:\/\/biovarsella.eu\/ca\/mandarines-ecologiques\/\" \/>\n<meta property=\"og:locale\" content=\"ca_ES\" \/>\n<meta property=\"og:type\" content=\"article\" \/>\n<meta property=\"og:title\" content=\"Mandarines ecol\u00f2giques\" \/>\n<meta property=\"og:description\" content=\"Descobreix la frescor i la qualitat de les mandarines ecol\u00f2giques Bio Varsella cultivades al nostre hort de B\u00edtem.\" \/>\n<meta property=\"og:url\" content=\"https:\/\/biovarsella.eu\/ca\/mandarines-ecologiques\/\" \/>\n<meta property=\"og:site_name\" content=\"BioVarsella\" \/>\n<meta property=\"article:modified_time\" content=\"2024-05-06T15:42:04+00:00\" \/>\n<meta name=\"twitter:card\" content=\"summary_large_image\" \/>\n<meta name=\"twitter:label1\" content=\"Temps estimat de lectura\" \/>\n\t<meta name=\"twitter:data1\" content=\"3 minuts\" \/>\n<script type=\"application\/ld+json\" class=\"yoast-schema-graph\">{\"@context\":\"https:\\\/\\\/schema.org\",\"@graph\":[{\"@type\":\"WebPage\",\"@id\":\"https:\\\/\\\/biovarsella.eu\\\/ca\\\/mandarines-ecologiques\\\/\",\"url\":\"https:\\\/\\\/biovarsella.eu\\\/ca\\\/mandarines-ecologiques\\\/\",\"name\":\"Mandarines ecol\u00f2giques\",\"isPartOf\":{\"@id\":\"https:\\\/\\\/biovarsella.eu\\\/ca\\\/#website\"},\"datePublished\":\"2024-04-26T11:22:14+00:00\",\"dateModified\":\"2024-05-06T15:42:04+00:00\",\"description\":\"Descobreix la frescor i la qualitat de les mandarines ecol\u00f2giques Bio Varsella cultivades al nostre hort de B\u00edtem.\",\"breadcrumb\":{\"@id\":\"https:\\\/\\\/biovarsella.eu\\\/ca\\\/mandarines-ecologiques\\\/#breadcrumb\"},\"inLanguage\":\"ca\",\"potentialAction\":[{\"@type\":\"ReadAction\",\"target\":[\"https:\\\/\\\/biovarsella.eu\\\/ca\\\/mandarines-ecologiques\\\/\"]}]},{\"@type\":\"BreadcrumbList\",\"@id\":\"https:\\\/\\\/biovarsella.eu\\\/ca\\\/mandarines-ecologiques\\\/#breadcrumb\",\"itemListElement\":[{\"@type\":\"ListItem\",\"position\":1,\"name\":\"Portada\",\"item\":\"https:\\\/\\\/biovarsella.eu\\\/ca\\\/\"},{\"@type\":\"ListItem\",\"position\":2,\"name\":\"Mandarines ecol\u00f2giques\"}]},{\"@type\":\"WebSite\",\"@id\":\"https:\\\/\\\/biovarsella.eu\\\/ca\\\/#website\",\"url\":\"https:\\\/\\\/biovarsella.eu\\\/ca\\\/\",\"name\":\"BioVarsella\",\"description\":\"\",\"publisher\":{\"@id\":\"https:\\\/\\\/biovarsella.eu\\\/ca\\\/#organization\"},\"potentialAction\":[{\"@type\":\"SearchAction\",\"target\":{\"@type\":\"EntryPoint\",\"urlTemplate\":\"https:\\\/\\\/biovarsella.eu\\\/ca\\\/?s={search_term_string}\"},\"query-input\":{\"@type\":\"PropertyValueSpecification\",\"valueRequired\":true,\"valueName\":\"search_term_string\"}}],\"inLanguage\":\"ca\"},{\"@type\":\"Organization\",\"@id\":\"https:\\\/\\\/biovarsella.eu\\\/ca\\\/#organization\",\"name\":\"BioVarsella\",\"url\":\"https:\\\/\\\/biovarsella.eu\\\/ca\\\/\",\"logo\":{\"@type\":\"ImageObject\",\"inLanguage\":\"ca\",\"@id\":\"https:\\\/\\\/biovarsella.eu\\\/ca\\\/#\\\/schema\\\/logo\\\/image\\\/\",\"url\":\"https:\\\/\\\/biovarsella.eu\\\/wp-content\\\/uploads\\\/2024\\\/04\\\/logo-fotter-biovarsella.png\",\"contentUrl\":\"https:\\\/\\\/biovarsella.eu\\\/wp-content\\\/uploads\\\/2024\\\/04\\\/logo-fotter-biovarsella.png\",\"width\":195,\"height\":67,\"caption\":\"BioVarsella\"},\"image\":{\"@id\":\"https:\\\/\\\/biovarsella.eu\\\/ca\\\/#\\\/schema\\\/logo\\\/image\\\/\"},\"sameAs\":[\"https:\\\/\\\/www.instagram.com\\\/biovarsella_hortdebitem\"]}]}<\/script>\n<!-- \/ Yoast SEO plugin. -->","yoast_head_json":{"title":"Mandarines ecol\u00f2giques","description":"Descobreix la frescor i la qualitat de les mandarines ecol\u00f2giques Bio Varsella cultivades al nostre hort de B\u00edtem.","robots":{"index":"index","follow":"follow","max-snippet":"max-snippet:-1","max-image-preview":"max-image-preview:large","max-video-preview":"max-video-preview:-1"},"canonical":"https:\/\/biovarsella.eu\/ca\/mandarines-ecologiques\/","og_locale":"ca_ES","og_type":"article","og_title":"Mandarines ecol\u00f2giques","og_description":"Descobreix la frescor i la qualitat de les mandarines ecol\u00f2giques Bio Varsella cultivades al nostre hort de B\u00edtem.","og_url":"https:\/\/biovarsella.eu\/ca\/mandarines-ecologiques\/","og_site_name":"BioVarsella","article_modified_time":"2024-05-06T15:42:04+00:00","twitter_card":"summary_large_image","twitter_misc":{"Temps estimat de lectura":"3 minuts"},"schema":{"@context":"https:\/\/schema.org","@graph":[{"@type":"WebPage","@id":"https:\/\/biovarsella.eu\/ca\/mandarines-ecologiques\/","url":"https:\/\/biovarsella.eu\/ca\/mandarines-ecologiques\/","name":"Mandarines ecol\u00f2giques","isPartOf":{"@id":"https:\/\/biovarsella.eu\/ca\/#website"},"datePublished":"2024-04-26T11:22:14+00:00","dateModified":"2024-05-06T15:42:04+00:00","description":"Descobreix la frescor i la qualitat de les mandarines ecol\u00f2giques Bio Varsella cultivades al nostre hort de B\u00edtem.","breadcrumb":{"@id":"https:\/\/biovarsella.eu\/ca\/mandarines-ecologiques\/#breadcrumb"},"inLanguage":"ca","potentialAction":[{"@type":"ReadAction","target":["https:\/\/biovarsella.eu\/ca\/mandarines-ecologiques\/"]}]},{"@type":"BreadcrumbList","@id":"https:\/\/biovarsella.eu\/ca\/mandarines-ecologiques\/#breadcrumb","itemListElement":[{"@type":"ListItem","position":1,"name":"Portada","item":"https:\/\/biovarsella.eu\/ca\/"},{"@type":"ListItem","position":2,"name":"Mandarines ecol\u00f2giques"}]},{"@type":"WebSite","@id":"https:\/\/biovarsella.eu\/ca\/#website","url":"https:\/\/biovarsella.eu\/ca\/","name":"BioVarsella","description":"","publisher":{"@id":"https:\/\/biovarsella.eu\/ca\/#organization"},"potentialAction":[{"@type":"SearchAction","target":{"@type":"EntryPoint","urlTemplate":"https:\/\/biovarsella.eu\/ca\/?s={search_term_string}"},"query-input":{"@type":"PropertyValueSpecification","valueRequired":true,"valueName":"search_term_string"}}],"inLanguage":"ca"},{"@type":"Organization","@id":"https:\/\/biovarsella.eu\/ca\/#organization","name":"BioVarsella","url":"https:\/\/biovarsella.eu\/ca\/","logo":{"@type":"ImageObject","inLanguage":"ca","@id":"https:\/\/biovarsella.eu\/ca\/#\/schema\/logo\/image\/","url":"https:\/\/biovarsella.eu\/wp-content\/uploads\/2024\/04\/logo-fotter-biovarsella.png","contentUrl":"https:\/\/biovarsella.eu\/wp-content\/uploads\/2024\/04\/logo-fotter-biovarsella.png","width":195,"height":67,"caption":"BioVarsella"},"image":{"@id":"https:\/\/biovarsella.eu\/ca\/#\/schema\/logo\/image\/"},"sameAs":["https:\/\/www.instagram.com\/biovarsella_hortdebitem"]}]}},"_links":{"self":[{"href":"https:\/\/biovarsella.eu\/ca\/wp-json\/wp\/v2\/pages\/598","targetHints":{"allow":["GET"]}}],"collection":[{"href":"https:\/\/biovarsella.eu\/ca\/wp-json\/wp\/v2\/pages"}],"about":[{"href":"https:\/\/biovarsella.eu\/ca\/wp-json\/wp\/v2\/types\/page"}],"author":[{"embeddable":true,"href":"https:\/\/biovarsella.eu\/ca\/wp-json\/wp\/v2\/users\/1"}],"replies":[{"embeddable":true,"href":"https:\/\/biovarsella.eu\/ca\/wp-json\/wp\/v2\/comments?post=598"}],"version-history":[{"count":4,"href":"https:\/\/biovarsella.eu\/ca\/wp-json\/wp\/v2\/pages\/598\/revisions"}],"predecessor-version":[{"id":657,"href":"https:\/\/biovarsella.eu\/ca\/wp-json\/wp\/v2\/pages\/598\/revisions\/657"}],"wp:attachment":[{"href":"https:\/\/biovarsella.eu\/ca\/wp-json\/wp\/v2\/media?parent=598"}],"curies":[{"name":"wp","href":"https:\/\/api.w.org\/{rel}","templated":true}]}}