{"id":604,"date":"2018-01-23T12:24:15","date_gmt":"2018-01-23T11:24:15","guid":{"rendered":"https:\/\/biovarsella.eu\/empresa\/"},"modified":"2024-05-06T17:39:19","modified_gmt":"2024-05-06T15:39:19","slug":"empresa","status":"publish","type":"page","link":"https:\/\/biovarsella.eu\/ca\/empresa\/","title":{"rendered":"Empresa"},"content":{"rendered":"<div class=\"wpb-content-wrapper\"><p>[vc_row css_animation=&#8221;&#8221; row_type=&#8221;row&#8221; use_row_as_full_screen_section=&#8221;no&#8221; type=&#8221;full_width&#8221; angled_section=&#8221;no&#8221; text_align=&#8221;left&#8221; background_image_as_pattern=&#8221;without_pattern&#8221;][vc_column][vc_single_image image=&#8221;392&#8243; img_size=&#8221;full&#8221; css=&#8221;&#8221; qode_css_animation=&#8221;&#8221;][\/vc_column][\/vc_row][vc_row css_animation=&#8221;&#8221; row_type=&#8221;row&#8221; use_row_as_full_screen_section=&#8221;no&#8221; type=&#8221;grid&#8221; angled_section=&#8221;no&#8221; text_align=&#8221;center&#8221; background_image_as_pattern=&#8221;without_pattern&#8221; z_index=&#8221;&#8221;][vc_column offset=&#8221;vc_col-lg-offset-2 vc_col-lg-8&#8243; css=&#8221;.vc_custom_1714650737953{margin-top: -134px !important;}&#8221; el_class=&#8221;empresa__title&#8221;][qode_elements_holder number_of_columns=&#8221;one_column&#8221;][qode_elements_holder_item advanced_animations=&#8221;no&#8221; background_color=&#8221;#ffffff&#8221; item_padding=&#8221;42px 88px 59px 88px&#8221; item_padding_1280_1440=&#8221;42px 66px 59px 66px&#8221; item_padding_480=&#8221;71px 20px 59px 23px&#8221;][vc_column_text css=&#8221;&#8221;]<\/p>\n<h1>Qui som<\/h1>\n<p>[\/vc_column_text][vc_column_text css=&#8221;&#8221;]<\/p>\n<p class=\"size-18 text-color-destacat\"><em>La nostra hist\u00f2ria es remunta a tres generacions enrere, quan els nostres iaios feien els primers passos en el cultiu d&#8217;hortalisses i c\u00edtrics<\/em>.<\/p>\n<p>[\/vc_column_text][\/qode_elements_holder_item][\/qode_elements_holder][\/vc_column][\/vc_row][vc_row css_animation=&#8221;&#8221; row_type=&#8221;row&#8221; use_row_as_full_screen_section=&#8221;no&#8221; type=&#8221;grid&#8221; angled_section=&#8221;no&#8221; text_align=&#8221;left&#8221; background_image_as_pattern=&#8221;without_pattern&#8221; z_index=&#8221;&#8221; css=&#8221;.vc_custom_1516718442057{padding-top: 83px !important;}&#8221;][vc_column offset=&#8221;vc_col-lg-offset-1 vc_col-lg-10&#8243;][vc_column_text css=&#8221;&#8221;]Bio Varsella som una empresa familiar ubicada a B\u00edtem-Tortosa, a la comarca del Baix Ebre. La nostra hist\u00f2ria es remunta a tres generacions enrere, quan els nostres iaios feien els primers passos en el cultiu d&#8217;hortalisses i c\u00edtrics. Aleshores, l&#8217;agricultura variada era la norma i cada collita es destinava als mercats locals.<\/p>\n<p>Amb el temps, els nostres pares i oncles van ampliar els horitzons, adquirint m\u00e9s terres per a cultivar-hi oliveres i transformant algunes finques en camps de regadiu per a plantar-hi c\u00edtrics de diferents varietats utilitzant m\u00e8todes convencionals. Tot i aix\u00f2, l&#8217;evoluci\u00f3 de l\u2019empresa ens va portar a replantejar-nos les pr\u00e0ctiques agr\u00edcoles.<\/p>\n<p>L&#8217;any 2008 vam fer un gir radical cap a la sostenibilitat en decidir canviar de forma de cultius i llavors ens vam passar al cultiu ecol\u00f2gic. Ens vam adonar de la sobreexplotaci\u00f3 i la manca de rendibilitat en els m\u00e8todes convencionals. Va ser llavors quan ens vam comprometre a deixar de banda els pesticides i adobs qu\u00edmics per a protegir tant el medi ambient com els que treballem la terra i els consumidors.[\/vc_column_text][vc_empty_space height=&#8221;23px&#8221;][vc_column_text css=&#8221;&#8221;]<\/p>\n<h2 class=\"h3\">Comprom\u00eds amb la qualitat i la sostenibilitat<\/h2>\n<p>[\/vc_column_text][vc_empty_space height=&#8221;30px&#8221;][vc_column_text css=&#8221;&#8221;]A Bio Varsella ens enorgulleix cultivar de manera responsable, apostant per la salut del planeta i la qualitat dels nostres productes. Cada dia ens esforcem per oferir aliments frescos i deliciosos, lliures de qu\u00edmics nocius, per poder gaudir del millor que la natura t\u00e9 per oferir.<\/p>\n<p>Uneix-te a nosaltres en aquest viatge cap a un futur m\u00e9s sostenible. <strong>Descobreix el sabor m\u00e9s natural amb Bio Varsella!<\/strong>[\/vc_column_text][vc_empty_space height=&#8221;30px&#8221;][\/vc_column][\/vc_row][vc_row css_animation=&#8221;&#8221; row_type=&#8221;row&#8221; use_row_as_full_screen_section=&#8221;no&#8221; type=&#8221;full_width&#8221; angled_section=&#8221;no&#8221; text_align=&#8221;left&#8221; background_image_as_pattern=&#8221;without_pattern&#8221;][vc_column][vc_single_image image=&#8221;402&#8243; img_size=&#8221;full&#8221; css=&#8221;&#8221; qode_css_animation=&#8221;&#8221;][\/vc_column][\/vc_row][vc_row css_animation=&#8221;&#8221; row_type=&#8221;row&#8221; use_row_as_full_screen_section=&#8221;no&#8221; type=&#8221;grid&#8221; angled_section=&#8221;no&#8221; text_align=&#8221;left&#8221; background_image_as_pattern=&#8221;without_pattern&#8221; el_class=&#8221;home__cta&#8221; css=&#8221;.vc_custom_1714650090674{border-top-width: 30px !important;background-image: url(https:\/\/biovarsella.eu\/wp-content\/uploads\/2024\/05\/cta.jpg?id=369) !important;background-position: center !important;background-repeat: no-repeat !important;background-size: cover !important;border-top-style: solid !important;border-color: #f47724 !important;}&#8221; z_index=&#8221;&#8221;][vc_column][vc_raw_html css=&#8221;&#8221;]PHAgY2xhc3M9ImhvbWVfX2N0YS10ZXh0Ij5TaSB2b2xzIG3DqXMgaW5mb3JtYWNpw7Mgc29icmUgZWxzIG5vc3RyZXMgPHNwYW4+cHJvZHVjdGVzIGVjb2zDsmdpY3M8L3NwYW4+LCBjb250YWN0YSBhbWIgbm9zYWx0cmVzPC9wPg==[\/vc_raw_html]<a  itemprop=\"url\" href=\"https:\/\/biovarsella.eu\/ca\/contacte\/\" target=\"_self\"  class=\"qbutton  default\" style=\"\">CONEIX-NOS<\/a>[\/vc_column][\/vc_row]<\/p>\n<\/div>","protected":false},"excerpt":{"rendered":"<p>[vc_row css_animation=&#8221;&#8221; row_type=&#8221;row&#8221; use_row_as_full_screen_section=&#8221;no&#8221; type=&#8221;full_width&#8221; angled_section=&#8221;no&#8221; text_align=&#8221;left&#8221; background_image_as_pattern=&#8221;without_pattern&#8221;][vc_column][vc_single_image image=&#8221;392&#8243; img_size=&#8221;full&#8221; css=&#8221;&#8221; qode_css_animation=&#8221;&#8221;][\/vc_column][\/vc_row][vc_row css_animation=&#8221;&#8221; row_type=&#8221;row&#8221; use_row_as_full_screen_section=&#8221;no&#8221; type=&#8221;grid&#8221; angled_section=&#8221;no&#8221; text_align=&#8221;center&#8221; background_image_as_pattern=&#8221;without_pattern&#8221; z_index=&#8221;&#8221;][vc_column offset=&#8221;vc_col-lg-offset-2 vc_col-lg-8&#8243; css=&#8221;.vc_custom_1714650737953{margin-top: -134px !important;}&#8221; el_class=&#8221;empresa__title&#8221;][qode_elements_holder number_of_columns=&#8221;one_column&#8221;][qode_elements_holder_item advanced_animations=&#8221;no&#8221; background_color=&#8221;#ffffff&#8221; item_padding=&#8221;42px 88px 59px 88px&#8221; item_padding_1280_1440=&#8221;42px 66px 59px 66px&#8221; item_padding_480=&#8221;71px 20px 59px 23px&#8221;][vc_column_text css=&#8221;&#8221;] Qui som [\/vc_column_text][vc_column_text&#8230;<\/p>\n","protected":false},"author":1,"featured_media":0,"parent":0,"menu_order":0,"comment_status":"closed","ping_status":"closed","template":"full_width.php","meta":{"footnotes":""},"class_list":["post-604","page","type-page","status-publish","hentry"],"yoast_head":"<!-- This site is optimized with the Yoast SEO plugin v27.3 - https:\/\/yoast.com\/product\/yoast-seo-wordpress\/ -->\n<title>Empresa - Qui som Bio Varsella<\/title>\n<meta name=\"description\" content=\"Bio Varsella som una empresa familiar ubicada a B\u00edtem-Tortosa (comarca del Baix Ebre). La nostra hist\u00f2ria es remunta a tres generacions enrere.\" \/>\n<meta name=\"robots\" content=\"index, follow, max-snippet:-1, max-image-preview:large, max-video-preview:-1\" \/>\n<link rel=\"canonical\" href=\"https:\/\/biovarsella.eu\/ca\/empresa\/\" \/>\n<meta property=\"og:locale\" content=\"ca_ES\" \/>\n<meta property=\"og:type\" content=\"article\" \/>\n<meta property=\"og:title\" content=\"Empresa - Qui som Bio Varsella\" \/>\n<meta property=\"og:description\" content=\"Bio Varsella som una empresa familiar ubicada a B\u00edtem-Tortosa (comarca del Baix Ebre). La nostra hist\u00f2ria es remunta a tres generacions enrere.\" \/>\n<meta property=\"og:url\" content=\"https:\/\/biovarsella.eu\/ca\/empresa\/\" \/>\n<meta property=\"og:site_name\" content=\"BioVarsella\" \/>\n<meta property=\"article:modified_time\" content=\"2024-05-06T15:39:19+00:00\" \/>\n<meta name=\"twitter:card\" content=\"summary_large_image\" \/>\n<meta name=\"twitter:label1\" content=\"Temps estimat de lectura\" \/>\n\t<meta name=\"twitter:data1\" content=\"3 minuts\" \/>\n<script type=\"application\/ld+json\" class=\"yoast-schema-graph\">{\"@context\":\"https:\\\/\\\/schema.org\",\"@graph\":[{\"@type\":\"WebPage\",\"@id\":\"https:\\\/\\\/biovarsella.eu\\\/ca\\\/empresa\\\/\",\"url\":\"https:\\\/\\\/biovarsella.eu\\\/ca\\\/empresa\\\/\",\"name\":\"Empresa - Qui som Bio Varsella\",\"isPartOf\":{\"@id\":\"https:\\\/\\\/biovarsella.eu\\\/ca\\\/#website\"},\"datePublished\":\"2018-01-23T11:24:15+00:00\",\"dateModified\":\"2024-05-06T15:39:19+00:00\",\"description\":\"Bio Varsella som una empresa familiar ubicada a B\u00edtem-Tortosa (comarca del Baix Ebre). La nostra hist\u00f2ria es remunta a tres generacions enrere.\",\"breadcrumb\":{\"@id\":\"https:\\\/\\\/biovarsella.eu\\\/ca\\\/empresa\\\/#breadcrumb\"},\"inLanguage\":\"ca\",\"potentialAction\":[{\"@type\":\"ReadAction\",\"target\":[\"https:\\\/\\\/biovarsella.eu\\\/ca\\\/empresa\\\/\"]}]},{\"@type\":\"BreadcrumbList\",\"@id\":\"https:\\\/\\\/biovarsella.eu\\\/ca\\\/empresa\\\/#breadcrumb\",\"itemListElement\":[{\"@type\":\"ListItem\",\"position\":1,\"name\":\"Portada\",\"item\":\"https:\\\/\\\/biovarsella.eu\\\/ca\\\/\"},{\"@type\":\"ListItem\",\"position\":2,\"name\":\"Empresa\"}]},{\"@type\":\"WebSite\",\"@id\":\"https:\\\/\\\/biovarsella.eu\\\/ca\\\/#website\",\"url\":\"https:\\\/\\\/biovarsella.eu\\\/ca\\\/\",\"name\":\"BioVarsella\",\"description\":\"\",\"publisher\":{\"@id\":\"https:\\\/\\\/biovarsella.eu\\\/ca\\\/#organization\"},\"potentialAction\":[{\"@type\":\"SearchAction\",\"target\":{\"@type\":\"EntryPoint\",\"urlTemplate\":\"https:\\\/\\\/biovarsella.eu\\\/ca\\\/?s={search_term_string}\"},\"query-input\":{\"@type\":\"PropertyValueSpecification\",\"valueRequired\":true,\"valueName\":\"search_term_string\"}}],\"inLanguage\":\"ca\"},{\"@type\":\"Organization\",\"@id\":\"https:\\\/\\\/biovarsella.eu\\\/ca\\\/#organization\",\"name\":\"BioVarsella\",\"url\":\"https:\\\/\\\/biovarsella.eu\\\/ca\\\/\",\"logo\":{\"@type\":\"ImageObject\",\"inLanguage\":\"ca\",\"@id\":\"https:\\\/\\\/biovarsella.eu\\\/ca\\\/#\\\/schema\\\/logo\\\/image\\\/\",\"url\":\"https:\\\/\\\/biovarsella.eu\\\/wp-content\\\/uploads\\\/2024\\\/04\\\/logo-fotter-biovarsella.png\",\"contentUrl\":\"https:\\\/\\\/biovarsella.eu\\\/wp-content\\\/uploads\\\/2024\\\/04\\\/logo-fotter-biovarsella.png\",\"width\":195,\"height\":67,\"caption\":\"BioVarsella\"},\"image\":{\"@id\":\"https:\\\/\\\/biovarsella.eu\\\/ca\\\/#\\\/schema\\\/logo\\\/image\\\/\"},\"sameAs\":[\"https:\\\/\\\/www.instagram.com\\\/biovarsella_hortdebitem\"]}]}<\/script>\n<!-- \/ Yoast SEO plugin. -->","yoast_head_json":{"title":"Empresa - Qui som Bio Varsella","description":"Bio Varsella som una empresa familiar ubicada a B\u00edtem-Tortosa (comarca del Baix Ebre). La nostra hist\u00f2ria es remunta a tres generacions enrere.","robots":{"index":"index","follow":"follow","max-snippet":"max-snippet:-1","max-image-preview":"max-image-preview:large","max-video-preview":"max-video-preview:-1"},"canonical":"https:\/\/biovarsella.eu\/ca\/empresa\/","og_locale":"ca_ES","og_type":"article","og_title":"Empresa - Qui som Bio Varsella","og_description":"Bio Varsella som una empresa familiar ubicada a B\u00edtem-Tortosa (comarca del Baix Ebre). La nostra hist\u00f2ria es remunta a tres generacions enrere.","og_url":"https:\/\/biovarsella.eu\/ca\/empresa\/","og_site_name":"BioVarsella","article_modified_time":"2024-05-06T15:39:19+00:00","twitter_card":"summary_large_image","twitter_misc":{"Temps estimat de lectura":"3 minuts"},"schema":{"@context":"https:\/\/schema.org","@graph":[{"@type":"WebPage","@id":"https:\/\/biovarsella.eu\/ca\/empresa\/","url":"https:\/\/biovarsella.eu\/ca\/empresa\/","name":"Empresa - Qui som Bio Varsella","isPartOf":{"@id":"https:\/\/biovarsella.eu\/ca\/#website"},"datePublished":"2018-01-23T11:24:15+00:00","dateModified":"2024-05-06T15:39:19+00:00","description":"Bio Varsella som una empresa familiar ubicada a B\u00edtem-Tortosa (comarca del Baix Ebre). La nostra hist\u00f2ria es remunta a tres generacions enrere.","breadcrumb":{"@id":"https:\/\/biovarsella.eu\/ca\/empresa\/#breadcrumb"},"inLanguage":"ca","potentialAction":[{"@type":"ReadAction","target":["https:\/\/biovarsella.eu\/ca\/empresa\/"]}]},{"@type":"BreadcrumbList","@id":"https:\/\/biovarsella.eu\/ca\/empresa\/#breadcrumb","itemListElement":[{"@type":"ListItem","position":1,"name":"Portada","item":"https:\/\/biovarsella.eu\/ca\/"},{"@type":"ListItem","position":2,"name":"Empresa"}]},{"@type":"WebSite","@id":"https:\/\/biovarsella.eu\/ca\/#website","url":"https:\/\/biovarsella.eu\/ca\/","name":"BioVarsella","description":"","publisher":{"@id":"https:\/\/biovarsella.eu\/ca\/#organization"},"potentialAction":[{"@type":"SearchAction","target":{"@type":"EntryPoint","urlTemplate":"https:\/\/biovarsella.eu\/ca\/?s={search_term_string}"},"query-input":{"@type":"PropertyValueSpecification","valueRequired":true,"valueName":"search_term_string"}}],"inLanguage":"ca"},{"@type":"Organization","@id":"https:\/\/biovarsella.eu\/ca\/#organization","name":"BioVarsella","url":"https:\/\/biovarsella.eu\/ca\/","logo":{"@type":"ImageObject","inLanguage":"ca","@id":"https:\/\/biovarsella.eu\/ca\/#\/schema\/logo\/image\/","url":"https:\/\/biovarsella.eu\/wp-content\/uploads\/2024\/04\/logo-fotter-biovarsella.png","contentUrl":"https:\/\/biovarsella.eu\/wp-content\/uploads\/2024\/04\/logo-fotter-biovarsella.png","width":195,"height":67,"caption":"BioVarsella"},"image":{"@id":"https:\/\/biovarsella.eu\/ca\/#\/schema\/logo\/image\/"},"sameAs":["https:\/\/www.instagram.com\/biovarsella_hortdebitem"]}]}},"_links":{"self":[{"href":"https:\/\/biovarsella.eu\/ca\/wp-json\/wp\/v2\/pages\/604","targetHints":{"allow":["GET"]}}],"collection":[{"href":"https:\/\/biovarsella.eu\/ca\/wp-json\/wp\/v2\/pages"}],"about":[{"href":"https:\/\/biovarsella.eu\/ca\/wp-json\/wp\/v2\/types\/page"}],"author":[{"embeddable":true,"href":"https:\/\/biovarsella.eu\/ca\/wp-json\/wp\/v2\/users\/1"}],"replies":[{"embeddable":true,"href":"https:\/\/biovarsella.eu\/ca\/wp-json\/wp\/v2\/comments?post=604"}],"version-history":[{"count":4,"href":"https:\/\/biovarsella.eu\/ca\/wp-json\/wp\/v2\/pages\/604\/revisions"}],"predecessor-version":[{"id":653,"href":"https:\/\/biovarsella.eu\/ca\/wp-json\/wp\/v2\/pages\/604\/revisions\/653"}],"wp:attachment":[{"href":"https:\/\/biovarsella.eu\/ca\/wp-json\/wp\/v2\/media?parent=604"}],"curies":[{"name":"wp","href":"https:\/\/api.w.org\/{rel}","templated":true}]}}