{"id":607,"date":"2018-01-19T09:42:11","date_gmt":"2018-01-19T08:42:11","guid":{"rendered":"https:\/\/biovarsella.eu\/inici\/"},"modified":"2024-05-07T15:38:09","modified_gmt":"2024-05-07T13:38:09","slug":"inici","status":"publish","type":"page","link":"https:\/\/biovarsella.eu\/ca\/","title":{"rendered":"Inici"},"content":{"rendered":"<div class=\"wpb-content-wrapper\"><p>[vc_row css_animation=&#8221;&#8221; row_type=&#8221;row&#8221; use_row_as_full_screen_section=&#8221;no&#8221; type=&#8221;full_width&#8221; angled_section=&#8221;no&#8221; text_align=&#8221;left&#8221; background_image_as_pattern=&#8221;without_pattern&#8221; z_index=&#8221;&#8221;][vc_column][vc_single_image image=&#8221;313&#8243; img_size=&#8221;full&#8221; alignment=&#8221;center&#8221; css=&#8221;&#8221; qode_css_animation=&#8221;&#8221;][\/vc_column][\/vc_row][vc_row css_animation=&#8221;&#8221; row_type=&#8221;row&#8221; use_row_as_full_screen_section=&#8221;no&#8221; type=&#8221;full_width&#8221; angled_section=&#8221;no&#8221; text_align=&#8221;left&#8221; background_image_as_pattern=&#8221;without_pattern&#8221; z_index=&#8221;&#8221;][vc_column][vc_row_inner row_type=&#8221;row&#8221; type=&#8221;grid&#8221; text_align=&#8221;left&#8221; css_animation=&#8221;&#8221; el_class=&#8221;home__fruta-ecologica&#8221;][vc_column_inner css=&#8221;.vc_custom_1516708323803{margin-top: -130px !important;}&#8221; offset=&#8221;vc_col-lg-7 vc_col-md-7&#8243;][qode_elements_holder number_of_columns=&#8221;one_column&#8221;][qode_elements_holder_item advanced_animations=&#8221;no&#8221; background_color=&#8221;#ffffff&#8221; item_padding=&#8221;38px 78px 57px 56px&#8221; item_padding_1280_1440=&#8221;38px 59px 57px 56px&#8221; item_padding_600_768=&#8221;38px 31px 57px 44px&#8221; item_padding_480=&#8221;38px 28px 57px 35px&#8221;][vc_column_text css=&#8221;&#8221;]<\/p>\n<h1>Fruita ecol\u00f2gica de les Terres de l\u2019Ebre<\/h1>\n<p>[\/vc_column_text][vc_empty_space height=&#8221;29px&#8221;][vc_column_text css=&#8221;&#8221;]<\/p>\n<p class=\"size-18 text-color-destacat\"><em>Gaudeix d\u2019una experi\u00e8ncia de sabor aut\u00e8ntica i saludable que nom\u00e9s la natura pot oferir.<br \/>\nDescobreix el sabor m\u00e9s natural amb Bio Varsella!<\/em><\/p>\n<p>[\/vc_column_text][\/qode_elements_holder_item][\/qode_elements_holder][\/vc_column_inner][vc_column_inner offset=&#8221;vc_col-lg-5 vc_col-md-5&#8243;][\/vc_column_inner][\/vc_row_inner][qode_content_slider enable_drag=&#8221;no&#8221; direction_nav=&#8221;no&#8221; control_nav=&#8221;no&#8221;][qode_content_slider_item][vc_row_inner row_type=&#8221;row&#8221; type=&#8221;grid&#8221; text_align=&#8221;left&#8221; css_animation=&#8221;&#8221; el_class=&#8221;home__info-fruits&#8221;][vc_column_inner offset=&#8221;vc_col-lg-4 vc_col-md-4&#8243;]<div class=\"qode-info-card\">\n\t\t\t<div class=\"qode-info-card-image\" style=\"background-color:#fff\">\n\t\t\t<img decoding=\"async\" src=\"https:\/\/biovarsella.eu\/wp-content\/uploads\/2024\/05\/imatges-home-biovarsella_0002_DSC06559_1.jpg\" alt=\"\" \/>\n\t\t<\/div>\n\t\t<div class=\"qode-info-card-text-holder\" style=\"background-color:#fff\">\n\t\t\t\t\t<h3 class=\"qode-info-card-title\" >\n\t\t\t\tTaronges ecol\u00f2giques\t\t\t<\/h3>\n\t\t\t\t\t\t\t<p class=\"qode-info-card-text\" >\n\t\t\t\tDescobreix l\u2019incomparable sabor de les nostres taronges ecol\u00f2giques. Gaudeix d\u2019una experi\u00e8ncia nutritiva i saludable que nom\u00e9s la natura pot oferir.\t\t\t<\/p>\n\t\t\t<\/div>\n\t\t\t<div class=\"qode-info-card-link-holder\">\n\t\t\t<a itemprop=\"url\" class=\"qode-qbutton-main-color qode-qbutton-full-width qode-qbutton-square\" href=\"https:\/\/biovarsella.eu\/ca\/taronges-ecologiques\/\" target=\"_self\" style=\"background-color:#c2540a;height:85px;line-height:85px\"><span>Veure\u2019n m\u00e9s<\/span><\/a>\n\t\t<\/div>\n\t<\/div>[vc_empty_space height=&#8221;36px&#8221; el_class=&#8221;hidden-lg&#8221;][\/vc_column_inner][vc_column_inner offset=&#8221;vc_col-lg-4 vc_col-md-4&#8243;]<div class=\"qode-info-card\">\n\t\t\t<div class=\"qode-info-card-image\" style=\"background-color:#fff\">\n\t\t\t<img decoding=\"async\" src=\"https:\/\/biovarsella.eu\/wp-content\/uploads\/2024\/05\/imatges-home-biovarsella_0001_info-card-image-5-1.jpg-1.jpg\" alt=\"\" \/>\n\t\t<\/div>\n\t\t<div class=\"qode-info-card-text-holder\" style=\"background-color:#fff\">\n\t\t\t\t\t<h3 class=\"qode-info-card-title\" >\n\t\t\t\tMandarines ecol\u00f2giques\t\t\t<\/h3>\n\t\t\t\t\t\t\t<p class=\"qode-info-card-text\" >\n\t\t\t\tAssaboreix les nostres delicioses mandarines ecol\u00f2giques cultivades a les f\u00e8rtils terres del nostre hort de B\u00edtem, regat per les aig\u00fces del riu Ebre.\t\t\t<\/p>\n\t\t\t<\/div>\n\t\t\t<div class=\"qode-info-card-link-holder\">\n\t\t\t<a itemprop=\"url\" class=\"qode-qbutton-main-color qode-qbutton-full-width qode-qbutton-square\" href=\"https:\/\/biovarsella.eu\/ca\/mandarines-ecologiques\/\" target=\"_self\" style=\"background-color:#c2540a;height:85px;line-height:85px\"><span>Veure\u2019n m\u00e9s<\/span><\/a>\n\t\t<\/div>\n\t<\/div>[vc_empty_space height=&#8221;36px&#8221; el_class=&#8221;hidden-lg&#8221;][\/vc_column_inner][vc_column_inner offset=&#8221;vc_col-lg-4 vc_col-md-4&#8243;]<div class=\"qode-info-card\">\n\t\t\t<div class=\"qode-info-card-image\" style=\"background-color:#fff\">\n\t\t\t<img decoding=\"async\" src=\"https:\/\/biovarsella.eu\/wp-content\/uploads\/2024\/05\/imatges-home-biovarsella_0000_hand-holding-lemons-on-a-lemon-tree-2023-11-27-04-59-28-utc_1.jpg\" alt=\"\" \/>\n\t\t<\/div>\n\t\t<div class=\"qode-info-card-text-holder\" style=\"background-color:#fff\">\n\t\t\t\t\t<h3 class=\"qode-info-card-title\" >\n\t\t\t\tLlimones ecol\u00f2giques\t\t\t<\/h3>\n\t\t\t\t\t\t\t<p class=\"qode-info-card-text\" >\n\t\t\t\tGaudeix de la frescor de les nostres llimes i llimones ecol\u00f2giques, una opci\u00f3 sana i suculenta per afegir un aut\u00e8ntic toc c\u00edtric als teus plats i begudes.\t\t\t<\/p>\n\t\t\t<\/div>\n\t\t\t<div class=\"qode-info-card-link-holder\">\n\t\t\t<a itemprop=\"url\" class=\"qode-qbutton-main-color qode-qbutton-full-width qode-qbutton-square\" href=\"https:\/\/biovarsella.eu\/ca\/llimones-ecologiques\/\" target=\"_self\" style=\"background-color:#c2540a;height:85px;line-height:85px\"><span>Veure\u2019n m\u00e9s<\/span><\/a>\n\t\t<\/div>\n\t<\/div>[\/vc_column_inner][\/vc_row_inner][\/qode_content_slider_item][\/qode_content_slider][vc_row_inner row_type=&#8221;row&#8221; type=&#8221;grid&#8221; text_align=&#8221;left&#8221; css_animation=&#8221;&#8221; el_class=&#8221;home__quienes-somos&#8221;][vc_column_inner offset=&#8221;vc_col-lg-6 vc_col-md-6&#8243;][qode_elements_holder number_of_columns=&#8221;one_column&#8221;][qode_elements_holder_item advanced_animations=&#8221;no&#8221; item_padding=&#8221;0 88px 0 0&#8243; item_padding_1280_1440=&#8221;0 23px 0 0&#8243; item_padding_1024_1280=&#8221;0 0 0 0&#8243; item_padding_600_768=&#8221;0px 88px 48px 0&#8243; item_padding_480=&#8221;0px 0px 36px 0&#8243;][vc_column_text css=&#8221;&#8221;]<\/p>\n<h2>Qui som<\/h2>\n<p>[\/vc_column_text][vc_empty_space height=&#8221;22px&#8221;][vc_column_text css=&#8221;&#8221;]A Bio Varsella cultivem fruita ecol\u00f2gica a les f\u00e8rtils terres del nostre hort de B\u00edtem (Tortosa), regat per les aig\u00fces de l&#8217;Ebre. Les nostres taronges, mandarines i llimones s\u00f3n la joia de la nostra finca familiar, c\u00edtrics ecol\u00f2gics certificats per la UE lliures de productes qu\u00edmics i pesticides sint\u00e8tics, cosa que en garanteix la frescor i la puresa.[\/vc_column_text][vc_empty_space height=&#8221;30px&#8221;]<a  itemprop=\"url\" href=\"https:\/\/biovarsella.eu\/ca\/empresa\/\" target=\"_self\"  class=\"qbutton  default\" style=\"\">Coneix-nos<\/a>[\/qode_elements_holder_item][\/qode_elements_holder][\/vc_column_inner][vc_column_inner offset=&#8221;vc_col-lg-6 vc_col-md-6&#8243;][vc_single_image image=&#8221;331&#8243; img_size=&#8221;full&#8221; alignment=&#8221;center&#8221; css=&#8221;&#8221; qode_css_animation=&#8221;&#8221;][\/vc_column_inner][\/vc_row_inner][vc_row_inner row_type=&#8221;row&#8221; type=&#8221;grid&#8221; text_align=&#8221;left&#8221; css_animation=&#8221;&#8221; el_class=&#8221;home__certificaciones&#8221;][vc_column_inner css=&#8221;.vc_custom_1714631072448{border-color: #ebeae9 !important;}&#8221; offset=&#8221;vc_col-lg-12 vc_col-md-12&#8243;][vc_column_text css=&#8221;&#8221; el_class=&#8221;text-center&#8221;]<\/p>\n<h2>Les nostres certificacions<\/h2>\n<p>[\/vc_column_text][vc_raw_html css=&#8221;&#8221;]PGRpdiBjbGFzcz0iaG9tZV9fY2VydGlmaWNhY2lvbmVzLWxvZ29zIj4NCjxkaXY+PGltZyBkZWNvZGluZz0iYXN5bmMiIHdpZHRoPSIyNjAiIGhlaWdodD0iMjM1IiBzcmM9Imh0dHBzOi8vYmlvdmFyc2VsbGEuZXUvd3AtY29udGVudC91cGxvYWRzLzIwMjQvMDUvY29uc2VsbC1jYXRhbGEtcHJvZHVjY2lvLWFncm9hbGltZW50YXJpYS1lY29sb2dpY2EucG5nIiBhbHQ9ImNvbnNlbGwgY2F0YWxhIHByb2R1Y2NpbyBhZ3JvYWxpbWVudGFyaWEgZWNvbG9naWNhIj48L2Rpdj4NCjxkaXY+PGltZyBkZWNvZGluZz0iYXN5bmMiIHdpZHRoPSIyNjAiIGhlaWdodD0iMjM1IiBzcmM9Imh0dHBzOi8vYmlvdmFyc2VsbGEuZXUvd3AtY29udGVudC91cGxvYWRzLzIwMjQvMDUvZXUtb3JnYW5pYy5wbmciIGFsdD0iZXUgb3JnYW5pYyI+PC9kaXY+DQo8ZGl2PjxpbWcgZGVjb2Rpbmc9ImFzeW5jIiB3aWR0aD0iMjYwIiBoZWlnaHQ9IjIzNSIgc3JjPSJodHRwczovL2Jpb3ZhcnNlbGxhLmV1L3dwLWNvbnRlbnQvdXBsb2Fkcy8yMDI0LzA1L2dsb2JhbC1nYXAucG5nIiBhbHQ9Imdsb2JhbCBnYXAiPjwvZGl2Pg0KPGRpdj48aW1nIGRlY29kaW5nPSJhc3luYyIgd2lkdGg9IjI2MCIgaGVpZ2h0PSIyMzUiIHNyYz0iaHR0cHM6Ly9iaW92YXJzZWxsYS5ldS93cC1jb250ZW50L3VwbG9hZHMvMjAyNC8wNS9nbG9iYWxnYXNwLnBuZyIgYWx0PSJnbG9iYWxnYXNwIj48L2Rpdj4NCjwvZGl2Pg==[\/vc_raw_html][\/vc_column_inner][\/vc_row_inner][vc_row_inner row_type=&#8221;row&#8221; type=&#8221;grid&#8221; text_align=&#8221;left&#8221; css_animation=&#8221;&#8221; el_class=&#8221;home__items-grid&#8221;][vc_column_inner offset=&#8221;vc_col-lg-4 vc_col-md-4&#8243;]<div class='q_icon_with_title small custom_icon_image '><div class=\"icon_holder \" style=\" \"><img decoding=\"async\" itemprop=\"image\" style=\"\" src=\"https:\/\/biovarsella.eu\/wp-content\/uploads\/2024\/05\/ICONES-03.png\" alt=\"\"><\/div><div class=\"icon_text_holder\" style=\"\"><div class=\"icon_text_inner\" style=\"\"><h3 class=\"icon_title\" style=\"\">Agricultura ecol\u00f2gica<\/h3><p style=''>Cultivem cada taronja, mandarina i llimona sota estrictes normatives de la Uni\u00f3 Europea.<\/p><\/div><\/div><\/div>[\/vc_column_inner][vc_column_inner offset=&#8221;vc_col-lg-4 vc_col-md-4&#8243;]<div class='q_icon_with_title small custom_icon_image '><div class=\"icon_holder \" style=\" \"><img decoding=\"async\" itemprop=\"image\" style=\"\" src=\"https:\/\/biovarsella.eu\/wp-content\/uploads\/2024\/05\/ICONES-02.png\" alt=\"\"><\/div><div class=\"icon_text_holder\" style=\"\"><div class=\"icon_text_inner\" style=\"\"><h3 class=\"icon_title\" style=\"\">Sabor natural<\/h3><p style=''>Els nostres c\u00edtrics ecol\u00f2gics et transportaran als sabors genu\u00efns de la natura.<\/p><\/div><\/div><\/div>[\/vc_column_inner][vc_column_inner offset=&#8221;vc_col-lg-4 vc_col-md-4&#8243;]<div class='q_icon_with_title small custom_icon_image '><div class=\"icon_holder \" style=\" \"><img decoding=\"async\" itemprop=\"image\" style=\"\" src=\"https:\/\/biovarsella.eu\/wp-content\/uploads\/2024\/05\/ICONES_Mesa-de-trabajo-1.png\" alt=\"\"><\/div><div class=\"icon_text_holder\" style=\"\"><div class=\"icon_text_inner\" style=\"\"><h3 class=\"icon_title\" style=\"\">Lliure de pl\u00e0stics<\/h3><p style=''>Optem per envasos sostenibles i sense pl\u00e0stic per a preservar la frescor de la nostra fruita i tenir cura de l'entorn.<\/p><\/div><\/div><\/div>[\/vc_column_inner][\/vc_row_inner][\/vc_column][\/vc_row][vc_row css_animation=&#8221;&#8221; row_type=&#8221;row&#8221; use_row_as_full_screen_section=&#8221;no&#8221; type=&#8221;grid&#8221; angled_section=&#8221;no&#8221; text_align=&#8221;left&#8221; background_image_as_pattern=&#8221;without_pattern&#8221; css=&#8221;.vc_custom_1714636531809{background-image: url(https:\/\/biovarsella.eu\/wp-content\/uploads\/2024\/05\/cta.jpg?id=369) !important;background-position: center !important;background-repeat: no-repeat !important;background-size: cover !important;}&#8221; z_index=&#8221;&#8221; el_class=&#8221;home__cta&#8221;][vc_column][vc_raw_html css=&#8221;&#8221;]PHAgY2xhc3M9ImhvbWVfX2N0YS10ZXh0Ij5TaSB2b2xzIG3DqXMgaW5mb3JtYWNpw7Mgc29icmUgZWxzIG5vc3RyZXMgPHNwYW4+cHJvZHVjdGVzIGVjb2zDsmdpY3M8L3NwYW4+LCBjb250YWN0YSBhbWIgbm9zYWx0cmVzPC9wPg==[\/vc_raw_html]<a  itemprop=\"url\" href=\"https:\/\/biovarsella.eu\/ca\/contacte\/\" target=\"_self\"  class=\"qbutton  default\" style=\"\">CONEIX-NOS<\/a>[\/vc_column][\/vc_row]<\/p>\n<\/div>","protected":false},"excerpt":{"rendered":"<p>[vc_row css_animation=&#8221;&#8221; row_type=&#8221;row&#8221; use_row_as_full_screen_section=&#8221;no&#8221; type=&#8221;full_width&#8221; angled_section=&#8221;no&#8221; text_align=&#8221;left&#8221; background_image_as_pattern=&#8221;without_pattern&#8221; z_index=&#8221;&#8221;][vc_column][vc_single_image image=&#8221;313&#8243; img_size=&#8221;full&#8221; alignment=&#8221;center&#8221; css=&#8221;&#8221; qode_css_animation=&#8221;&#8221;][\/vc_column][\/vc_row][vc_row css_animation=&#8221;&#8221; row_type=&#8221;row&#8221; use_row_as_full_screen_section=&#8221;no&#8221; type=&#8221;full_width&#8221; angled_section=&#8221;no&#8221; text_align=&#8221;left&#8221; background_image_as_pattern=&#8221;without_pattern&#8221; z_index=&#8221;&#8221;][vc_column][vc_row_inner row_type=&#8221;row&#8221; type=&#8221;grid&#8221; text_align=&#8221;left&#8221; css_animation=&#8221;&#8221; el_class=&#8221;home__fruta-ecologica&#8221;][vc_column_inner css=&#8221;.vc_custom_1516708323803{margin-top: -130px !important;}&#8221; offset=&#8221;vc_col-lg-7 vc_col-md-7&#8243;][qode_elements_holder number_of_columns=&#8221;one_column&#8221;][qode_elements_holder_item advanced_animations=&#8221;no&#8221; background_color=&#8221;#ffffff&#8221; item_padding=&#8221;38px 78px 57px 56px&#8221; item_padding_1280_1440=&#8221;38px 59px 57px 56px&#8221; item_padding_600_768=&#8221;38px 31px&#8230;<\/p>\n","protected":false},"author":1,"featured_media":0,"parent":0,"menu_order":0,"comment_status":"closed","ping_status":"closed","template":"full_width.php","meta":{"footnotes":""},"class_list":["post-607","page","type-page","status-publish","hentry"],"yoast_head":"<!-- This site is optimized with the Yoast SEO plugin v27.3 - https:\/\/yoast.com\/product\/yoast-seo-wordpress\/ -->\n<title>Bio Varsella, fruita ecol\u00f2gica de les Terres de l\u2019Ebre<\/title>\n<meta name=\"description\" content=\"Descobreix el sabor m\u00e9s natural amb Bio Varsella, fruita ecol\u00f2gica de les Terres de l\u2019Ebre: taronges, mandarines i llimones.\" \/>\n<meta name=\"robots\" content=\"index, follow, max-snippet:-1, max-image-preview:large, max-video-preview:-1\" \/>\n<link rel=\"canonical\" href=\"https:\/\/biovarsella.eu\/ca\/\" \/>\n<meta property=\"og:locale\" content=\"ca_ES\" \/>\n<meta property=\"og:type\" content=\"article\" \/>\n<meta property=\"og:title\" content=\"Bio Varsella, fruita ecol\u00f2gica de les Terres de l\u2019Ebre\" \/>\n<meta property=\"og:description\" content=\"Descobreix el sabor m\u00e9s natural amb Bio Varsella, fruita ecol\u00f2gica de les Terres de l\u2019Ebre: taronges, mandarines i llimones.\" \/>\n<meta property=\"og:url\" content=\"https:\/\/biovarsella.eu\/ca\/\" \/>\n<meta property=\"og:site_name\" content=\"BioVarsella\" \/>\n<meta property=\"article:modified_time\" content=\"2024-05-07T13:38:09+00:00\" \/>\n<meta name=\"twitter:card\" content=\"summary_large_image\" \/>\n<meta name=\"twitter:label1\" content=\"Temps estimat de lectura\" \/>\n\t<meta name=\"twitter:data1\" content=\"4 minuts\" \/>\n<script type=\"application\/ld+json\" class=\"yoast-schema-graph\">{\"@context\":\"https:\\\/\\\/schema.org\",\"@graph\":[{\"@type\":\"WebPage\",\"@id\":\"https:\\\/\\\/biovarsella.eu\\\/ca\\\/\",\"url\":\"https:\\\/\\\/biovarsella.eu\\\/ca\\\/\",\"name\":\"Bio Varsella, fruita ecol\u00f2gica de les Terres de l\u2019Ebre\",\"isPartOf\":{\"@id\":\"https:\\\/\\\/biovarsella.eu\\\/ca\\\/#website\"},\"datePublished\":\"2018-01-19T08:42:11+00:00\",\"dateModified\":\"2024-05-07T13:38:09+00:00\",\"description\":\"Descobreix el sabor m\u00e9s natural amb Bio Varsella, fruita ecol\u00f2gica de les Terres de l\u2019Ebre: taronges, mandarines i llimones.\",\"breadcrumb\":{\"@id\":\"https:\\\/\\\/biovarsella.eu\\\/ca\\\/#breadcrumb\"},\"inLanguage\":\"ca\",\"potentialAction\":[{\"@type\":\"ReadAction\",\"target\":[\"https:\\\/\\\/biovarsella.eu\\\/ca\\\/\"]}]},{\"@type\":\"BreadcrumbList\",\"@id\":\"https:\\\/\\\/biovarsella.eu\\\/ca\\\/#breadcrumb\",\"itemListElement\":[{\"@type\":\"ListItem\",\"position\":1,\"name\":\"Portada\",\"item\":\"https:\\\/\\\/biovarsella.eu\\\/ca\\\/\"},{\"@type\":\"ListItem\",\"position\":2,\"name\":\"Inici\"}]},{\"@type\":\"WebSite\",\"@id\":\"https:\\\/\\\/biovarsella.eu\\\/ca\\\/#website\",\"url\":\"https:\\\/\\\/biovarsella.eu\\\/ca\\\/\",\"name\":\"BioVarsella\",\"description\":\"\",\"publisher\":{\"@id\":\"https:\\\/\\\/biovarsella.eu\\\/ca\\\/#organization\"},\"potentialAction\":[{\"@type\":\"SearchAction\",\"target\":{\"@type\":\"EntryPoint\",\"urlTemplate\":\"https:\\\/\\\/biovarsella.eu\\\/ca\\\/?s={search_term_string}\"},\"query-input\":{\"@type\":\"PropertyValueSpecification\",\"valueRequired\":true,\"valueName\":\"search_term_string\"}}],\"inLanguage\":\"ca\"},{\"@type\":\"Organization\",\"@id\":\"https:\\\/\\\/biovarsella.eu\\\/ca\\\/#organization\",\"name\":\"BioVarsella\",\"url\":\"https:\\\/\\\/biovarsella.eu\\\/ca\\\/\",\"logo\":{\"@type\":\"ImageObject\",\"inLanguage\":\"ca\",\"@id\":\"https:\\\/\\\/biovarsella.eu\\\/ca\\\/#\\\/schema\\\/logo\\\/image\\\/\",\"url\":\"https:\\\/\\\/biovarsella.eu\\\/wp-content\\\/uploads\\\/2024\\\/04\\\/logo-fotter-biovarsella.png\",\"contentUrl\":\"https:\\\/\\\/biovarsella.eu\\\/wp-content\\\/uploads\\\/2024\\\/04\\\/logo-fotter-biovarsella.png\",\"width\":195,\"height\":67,\"caption\":\"BioVarsella\"},\"image\":{\"@id\":\"https:\\\/\\\/biovarsella.eu\\\/ca\\\/#\\\/schema\\\/logo\\\/image\\\/\"},\"sameAs\":[\"https:\\\/\\\/www.instagram.com\\\/biovarsella_hortdebitem\"]}]}<\/script>\n<!-- \/ Yoast SEO plugin. -->","yoast_head_json":{"title":"Bio Varsella, fruita ecol\u00f2gica de les Terres de l\u2019Ebre","description":"Descobreix el sabor m\u00e9s natural amb Bio Varsella, fruita ecol\u00f2gica de les Terres de l\u2019Ebre: taronges, mandarines i llimones.","robots":{"index":"index","follow":"follow","max-snippet":"max-snippet:-1","max-image-preview":"max-image-preview:large","max-video-preview":"max-video-preview:-1"},"canonical":"https:\/\/biovarsella.eu\/ca\/","og_locale":"ca_ES","og_type":"article","og_title":"Bio Varsella, fruita ecol\u00f2gica de les Terres de l\u2019Ebre","og_description":"Descobreix el sabor m\u00e9s natural amb Bio Varsella, fruita ecol\u00f2gica de les Terres de l\u2019Ebre: taronges, mandarines i llimones.","og_url":"https:\/\/biovarsella.eu\/ca\/","og_site_name":"BioVarsella","article_modified_time":"2024-05-07T13:38:09+00:00","twitter_card":"summary_large_image","twitter_misc":{"Temps estimat de lectura":"4 minuts"},"schema":{"@context":"https:\/\/schema.org","@graph":[{"@type":"WebPage","@id":"https:\/\/biovarsella.eu\/ca\/","url":"https:\/\/biovarsella.eu\/ca\/","name":"Bio Varsella, fruita ecol\u00f2gica de les Terres de l\u2019Ebre","isPartOf":{"@id":"https:\/\/biovarsella.eu\/ca\/#website"},"datePublished":"2018-01-19T08:42:11+00:00","dateModified":"2024-05-07T13:38:09+00:00","description":"Descobreix el sabor m\u00e9s natural amb Bio Varsella, fruita ecol\u00f2gica de les Terres de l\u2019Ebre: taronges, mandarines i llimones.","breadcrumb":{"@id":"https:\/\/biovarsella.eu\/ca\/#breadcrumb"},"inLanguage":"ca","potentialAction":[{"@type":"ReadAction","target":["https:\/\/biovarsella.eu\/ca\/"]}]},{"@type":"BreadcrumbList","@id":"https:\/\/biovarsella.eu\/ca\/#breadcrumb","itemListElement":[{"@type":"ListItem","position":1,"name":"Portada","item":"https:\/\/biovarsella.eu\/ca\/"},{"@type":"ListItem","position":2,"name":"Inici"}]},{"@type":"WebSite","@id":"https:\/\/biovarsella.eu\/ca\/#website","url":"https:\/\/biovarsella.eu\/ca\/","name":"BioVarsella","description":"","publisher":{"@id":"https:\/\/biovarsella.eu\/ca\/#organization"},"potentialAction":[{"@type":"SearchAction","target":{"@type":"EntryPoint","urlTemplate":"https:\/\/biovarsella.eu\/ca\/?s={search_term_string}"},"query-input":{"@type":"PropertyValueSpecification","valueRequired":true,"valueName":"search_term_string"}}],"inLanguage":"ca"},{"@type":"Organization","@id":"https:\/\/biovarsella.eu\/ca\/#organization","name":"BioVarsella","url":"https:\/\/biovarsella.eu\/ca\/","logo":{"@type":"ImageObject","inLanguage":"ca","@id":"https:\/\/biovarsella.eu\/ca\/#\/schema\/logo\/image\/","url":"https:\/\/biovarsella.eu\/wp-content\/uploads\/2024\/04\/logo-fotter-biovarsella.png","contentUrl":"https:\/\/biovarsella.eu\/wp-content\/uploads\/2024\/04\/logo-fotter-biovarsella.png","width":195,"height":67,"caption":"BioVarsella"},"image":{"@id":"https:\/\/biovarsella.eu\/ca\/#\/schema\/logo\/image\/"},"sameAs":["https:\/\/www.instagram.com\/biovarsella_hortdebitem"]}]}},"_links":{"self":[{"href":"https:\/\/biovarsella.eu\/ca\/wp-json\/wp\/v2\/pages\/607","targetHints":{"allow":["GET"]}}],"collection":[{"href":"https:\/\/biovarsella.eu\/ca\/wp-json\/wp\/v2\/pages"}],"about":[{"href":"https:\/\/biovarsella.eu\/ca\/wp-json\/wp\/v2\/types\/page"}],"author":[{"embeddable":true,"href":"https:\/\/biovarsella.eu\/ca\/wp-json\/wp\/v2\/users\/1"}],"replies":[{"embeddable":true,"href":"https:\/\/biovarsella.eu\/ca\/wp-json\/wp\/v2\/comments?post=607"}],"version-history":[{"count":13,"href":"https:\/\/biovarsella.eu\/ca\/wp-json\/wp\/v2\/pages\/607\/revisions"}],"predecessor-version":[{"id":698,"href":"https:\/\/biovarsella.eu\/ca\/wp-json\/wp\/v2\/pages\/607\/revisions\/698"}],"wp:attachment":[{"href":"https:\/\/biovarsella.eu\/ca\/wp-json\/wp\/v2\/media?parent=607"}],"curies":[{"name":"wp","href":"https:\/\/api.w.org\/{rel}","templated":true}]}}